{"id":10841,"date":"2025-06-05T10:08:31","date_gmt":"2025-06-05T09:08:31","guid":{"rendered":"https:\/\/zitadelle24.com\/?page_id=10841"},"modified":"2025-06-24T15:30:15","modified_gmt":"2025-06-24T14:30:15","slug":"digital-currencies","status":"publish","type":"page","link":"https:\/\/zitadelle24.com\/de\/digital-currencies\/","title":{"rendered":"Digital Currencies"},"content":{"rendered":"\t\t<div data-elementor-type=\"wp-page\" data-elementor-id=\"10841\" class=\"elementor elementor-10841\" data-elementor-post-type=\"page\">\n\t\t\t\t\t\t<section class=\"elementor-section elementor-top-section elementor-element elementor-element-3db2934 elementor-section-content-middle elementor-section-boxed elementor-section-height-default elementor-section-height-default\" data-id=\"3db2934\" data-element_type=\"section\" data-settings=\"{&quot;background_background&quot;:&quot;classic&quot;}\">\n\t\t\t\t\t\t\t<div class=\"elementor-background-overlay\"><\/div>\n\t\t\t\t\t\t\t<div class=\"elementor-container elementor-column-gap-default\">\n\t\t\t\t\t<div class=\"elementor-column elementor-col-50 elementor-top-column elementor-element elementor-element-c9d2159 elementor-invisible\" data-id=\"c9d2159\" data-element_type=\"column\" data-settings=\"{&quot;animation&quot;:&quot;fadeInLeft&quot;}\">\n\t\t\t<div class=\"elementor-widget-wrap elementor-element-populated\">\n\t\t\t\t\t\t<div class=\"elementor-element elementor-element-4ae1157 elementor-widget elementor-widget-heading\" data-id=\"4ae1157\" data-element_type=\"widget\" data-widget_type=\"heading.default\">\n\t\t\t\t<div class=\"elementor-widget-container\">\n\t\t\t<style>\/*! elementor - v3.23.0 - 05-08-2024 *\/\n.elementor-heading-title{padding:0;margin:0;line-height:1}.elementor-widget-heading .elementor-heading-title[class*=elementor-size-]>a{color:inherit;font-size:inherit;line-height:inherit}.elementor-widget-heading .elementor-heading-title.elementor-size-small{font-size:15px}.elementor-widget-heading .elementor-heading-title.elementor-size-medium{font-size:19px}.elementor-widget-heading .elementor-heading-title.elementor-size-large{font-size:29px}.elementor-widget-heading .elementor-heading-title.elementor-size-xl{font-size:39px}.elementor-widget-heading .elementor-heading-title.elementor-size-xxl{font-size:59px}<\/style><h1 class=\"elementor-heading-title elementor-size-default\">Digitale W\u00e4hrungen\n<\/h1>\t\t<\/div>\n\t\t\t\t<\/div>\n\t\t\t\t<div class=\"elementor-element elementor-element-674d85c elementor-widget__width-inherit elementor-widget elementor-widget-text-editor\" data-id=\"674d85c\" data-element_type=\"widget\" data-widget_type=\"text-editor.default\">\n\t\t\t\t<div class=\"elementor-widget-container\">\n\t\t\t<style>\/*! elementor - v3.23.0 - 05-08-2024 *\/\n.elementor-widget-text-editor.elementor-drop-cap-view-stacked .elementor-drop-cap{background-color:#69727d;color:#fff}.elementor-widget-text-editor.elementor-drop-cap-view-framed .elementor-drop-cap{color:#69727d;border:3px solid;background-color:transparent}.elementor-widget-text-editor:not(.elementor-drop-cap-view-default) .elementor-drop-cap{margin-top:8px}.elementor-widget-text-editor:not(.elementor-drop-cap-view-default) .elementor-drop-cap-letter{width:1em;height:1em}.elementor-widget-text-editor .elementor-drop-cap{float:left;text-align:center;line-height:1;font-size:50px}.elementor-widget-text-editor .elementor-drop-cap-letter{display:inline-block}<\/style>\t\t\t\t<p>Handeln Sie digitale W\u00e4hrungen auf der beliebtesten Online-Handelsplattform der Welt. Bei Zitadelle24 k\u00f6nnen Sie mit den bekanntesten digitalen W\u00e4hrungen der Welt handeln, darunter Bitcoin, Dash, Dogecoin, Ethereum, Litecoin, Neo, Quantum (QTUM) und Ripple (XRP).<\/p>\t\t\t\t\t\t<\/div>\n\t\t\t\t<\/div>\n\t\t\t\t<div class=\"elementor-element elementor-element-87d9455 elementor-widget__width-auto elementor-widget elementor-widget-button\" data-id=\"87d9455\" data-element_type=\"widget\" data-widget_type=\"button.default\">\n\t\t\t\t<div class=\"elementor-widget-container\">\n\t\t\t\t\t<div class=\"elementor-button-wrapper\">\n\t\t\t<a class=\"elementor-button elementor-button-link elementor-size-lg\" href=\"https:\/\/zitadelle24.com\/de\/sign-up\/\">\n\t\t\t\t\t\t<span class=\"elementor-button-content-wrapper\">\n\t\t\t\t\t\t\t\t\t<span class=\"elementor-button-text\">Handeln starten<\/span>\n\t\t\t\t\t<\/span>\n\t\t\t\t\t<\/a>\n\t\t<\/div>\n\t\t\t\t<\/div>\n\t\t\t\t<\/div>\n\t\t\t\t\t<\/div>\n\t\t<\/div>\n\t\t\t\t<div class=\"elementor-column elementor-col-50 elementor-top-column elementor-element elementor-element-9e18633 elementor-invisible\" data-id=\"9e18633\" data-element_type=\"column\" data-settings=\"{&quot;animation&quot;:&quot;fadeInLeft&quot;}\">\n\t\t\t<div class=\"elementor-widget-wrap elementor-element-populated\">\n\t\t\t\t\t\t<div class=\"elementor-element elementor-element-95abd22 elementor-widget elementor-widget-image\" data-id=\"95abd22\" data-element_type=\"widget\" data-widget_type=\"image.default\">\n\t\t\t\t<div class=\"elementor-widget-container\">\n\t\t\t<style>\/*! elementor - v3.23.0 - 05-08-2024 *\/\n.elementor-widget-image{text-align:center}.elementor-widget-image a{display:inline-block}.elementor-widget-image a img[src$=\".svg\"]{width:48px}.elementor-widget-image img{vertical-align:middle;display:inline-block}<\/style>\t\t\t\t\t\t\t\t\t\t<img fetchpriority=\"high\" decoding=\"async\" width=\"446\" height=\"447\" src=\"https:\/\/zitadelle24.com\/wp-content\/uploads\/import-me.png\" class=\"attachment-full size-full wp-image-10721\" alt=\"\" \/>\t\t\t\t\t\t\t\t\t\t\t\t\t<\/div>\n\t\t\t\t<\/div>\n\t\t\t\t\t<\/div>\n\t\t<\/div>\n\t\t\t\t\t<\/div>\n\t\t<\/section>\n\t\t\t\t<section class=\"elementor-section elementor-top-section elementor-element elementor-element-0975200 elementor-section-boxed elementor-section-height-default elementor-section-height-default\" data-id=\"0975200\" data-element_type=\"section\" data-settings=\"{&quot;background_background&quot;:&quot;classic&quot;}\">\n\t\t\t\t\t\t<div class=\"elementor-container elementor-column-gap-default\">\n\t\t\t\t\t<div class=\"elementor-column elementor-col-50 elementor-top-column elementor-element elementor-element-329fa93 elementor-invisible\" data-id=\"329fa93\" data-element_type=\"column\" data-settings=\"{&quot;animation&quot;:&quot;fadeInLeft&quot;}\">\n\t\t\t<div class=\"elementor-widget-wrap elementor-element-populated\">\n\t\t\t\t\t\t<div class=\"elementor-element elementor-element-33fdc21 elementor-widget elementor-widget-heading\" data-id=\"33fdc21\" data-element_type=\"widget\" data-widget_type=\"heading.default\">\n\t\t\t\t<div class=\"elementor-widget-container\">\n\t\t\t<h2 class=\"elementor-heading-title elementor-size-default\">WIE FUNKTIONIERT ES?<\/h2>\t\t<\/div>\n\t\t\t\t<\/div>\n\t\t\t\t<div class=\"elementor-element elementor-element-2876425 elementor-widget elementor-widget-text-editor\" data-id=\"2876425\" data-element_type=\"widget\" data-widget_type=\"text-editor.default\">\n\t\t\t\t<div class=\"elementor-widget-container\">\n\t\t\t\t\t\t\t<p>Digitalw\u00e4hrungen sind eine Art elektronischer Zahlungsverkehr, der nicht von Banken abh\u00e4ngig ist, um Transaktionen zu validieren. Es handelt sich um ein Multicasting-System, das es jedem erm\u00f6glicht, von \u00fcberall aus Geld zu machen und zu empfangen.<br \/><br \/>Digitalw\u00e4hrungen basieren auf einem verteilten \u00f6ffentlichen Hauptbuch, der so genannten Blockchain, die eine permanente Aufzeichnung aller Transaktionen darstellt, die von den W\u00e4hrungsinhabern aktualisiert und gepflegt wird.<br \/><br \/>Digitalw\u00e4hrungseinheiten werden durch eine Methode gebildet, die als Mining bekannt ist und den Einsatz von Computersteuerung zur L\u00f6sung komplexer mathematischer Probleme, die sich auf M\u00fcnzen auswirken, beinhaltet. Au\u00dferdem k\u00f6nnen die Nutzer die W\u00e4hrungen \u00fcber Makler kaufen und sie dann in verschl\u00fcsselten Wallets speichern und ausgeben.<\/p>\t\t\t\t\t\t<\/div>\n\t\t\t\t<\/div>\n\t\t\t\t\t<\/div>\n\t\t<\/div>\n\t\t\t\t<div class=\"elementor-column elementor-col-50 elementor-top-column elementor-element elementor-element-6800731 elementor-invisible\" data-id=\"6800731\" data-element_type=\"column\" data-settings=\"{&quot;animation&quot;:&quot;fadeInRight&quot;}\">\n\t\t\t<div class=\"elementor-widget-wrap elementor-element-populated\">\n\t\t\t\t\t\t<div class=\"elementor-element elementor-element-4fcc292 elementor-widget elementor-widget-image\" data-id=\"4fcc292\" data-element_type=\"widget\" data-widget_type=\"image.default\">\n\t\t\t\t<div class=\"elementor-widget-container\">\n\t\t\t\t\t\t\t\t\t\t\t\t\t<img decoding=\"async\" width=\"663\" height=\"508\" src=\"https:\/\/zitadelle24.com\/wp-content\/uploads\/Frame-96-3.png\" class=\"attachment-large size-large wp-image-10650\" alt=\"\" \/>\t\t\t\t\t\t\t\t\t\t\t\t\t<\/div>\n\t\t\t\t<\/div>\n\t\t\t\t\t<\/div>\n\t\t<\/div>\n\t\t\t\t\t<\/div>\n\t\t<\/section>\n\t\t\t\t<\/div>\n\t\t","protected":false},"excerpt":{"rendered":"<p>Digitale W\u00e4hrungen Handeln Sie digitale W\u00e4hrungen auf der beliebtesten Online-Handelsplattform der Welt. Bei Zitadelle24 k\u00f6nnen Sie mit den bekanntesten digitalen W\u00e4hrungen der Welt handeln, darunter Bitcoin, Dash, Dogecoin, Ethereum, Litecoin, Neo, Quantum (QTUM) und Ripple (XRP). Handeln starten WIE FUNKTIONIERT ES? Digitalw\u00e4hrungen sind eine Art elektronischer Zahlungsverkehr, der nicht von Banken abh\u00e4ngig ist, um Transaktionen [&hellip;]<\/p>\n","protected":false},"author":1,"featured_media":0,"parent":0,"menu_order":0,"comment_status":"closed","ping_status":"closed","template":"elementor_canvas","meta":{"footnotes":""},"class_list":["post-10841","page","type-page","status-publish","hentry"],"_links":{"self":[{"href":"https:\/\/zitadelle24.com\/de\/wp-json\/wp\/v2\/pages\/10841","targetHints":{"allow":["GET"]}}],"collection":[{"href":"https:\/\/zitadelle24.com\/de\/wp-json\/wp\/v2\/pages"}],"about":[{"href":"https:\/\/zitadelle24.com\/de\/wp-json\/wp\/v2\/types\/page"}],"author":[{"embeddable":true,"href":"https:\/\/zitadelle24.com\/de\/wp-json\/wp\/v2\/users\/1"}],"replies":[{"embeddable":true,"href":"https:\/\/zitadelle24.com\/de\/wp-json\/wp\/v2\/comments?post=10841"}],"version-history":[{"count":9,"href":"https:\/\/zitadelle24.com\/de\/wp-json\/wp\/v2\/pages\/10841\/revisions"}],"predecessor-version":[{"id":11348,"href":"https:\/\/zitadelle24.com\/de\/wp-json\/wp\/v2\/pages\/10841\/revisions\/11348"}],"wp:attachment":[{"href":"https:\/\/zitadelle24.com\/de\/wp-json\/wp\/v2\/media?parent=10841"}],"curies":[{"name":"wp","href":"https:\/\/api.w.org\/{rel}","templated":true}]}}