{"id":10847,"date":"2025-06-05T10:14:14","date_gmt":"2025-06-05T09:14:14","guid":{"rendered":"https:\/\/zitadelle24.com\/?page_id=10847"},"modified":"2025-06-24T15:31:06","modified_gmt":"2025-06-24T14:31:06","slug":"forex","status":"publish","type":"page","link":"https:\/\/zitadelle24.com\/de\/forex\/","title":{"rendered":"Forex"},"content":{"rendered":"\t\t<div data-elementor-type=\"wp-page\" data-elementor-id=\"10847\" class=\"elementor elementor-10847\" data-elementor-post-type=\"page\">\n\t\t\t\t\t\t<section class=\"elementor-section elementor-top-section elementor-element elementor-element-7515656 elementor-section-content-middle elementor-section-boxed elementor-section-height-default elementor-section-height-default\" data-id=\"7515656\" data-element_type=\"section\" data-settings=\"{&quot;background_background&quot;:&quot;classic&quot;}\">\n\t\t\t\t\t\t\t<div class=\"elementor-background-overlay\"><\/div>\n\t\t\t\t\t\t\t<div class=\"elementor-container elementor-column-gap-default\">\n\t\t\t\t\t<div class=\"elementor-column elementor-col-50 elementor-top-column elementor-element elementor-element-0595f3f elementor-invisible\" data-id=\"0595f3f\" data-element_type=\"column\" data-settings=\"{&quot;animation&quot;:&quot;fadeInLeft&quot;}\">\n\t\t\t<div class=\"elementor-widget-wrap elementor-element-populated\">\n\t\t\t\t\t\t<div class=\"elementor-element elementor-element-095790f elementor-widget elementor-widget-heading\" data-id=\"095790f\" data-element_type=\"widget\" data-widget_type=\"heading.default\">\n\t\t\t\t<div class=\"elementor-widget-container\">\n\t\t\t<style>\/*! elementor - v3.23.0 - 05-08-2024 *\/\n.elementor-heading-title{padding:0;margin:0;line-height:1}.elementor-widget-heading .elementor-heading-title[class*=elementor-size-]>a{color:inherit;font-size:inherit;line-height:inherit}.elementor-widget-heading .elementor-heading-title.elementor-size-small{font-size:15px}.elementor-widget-heading .elementor-heading-title.elementor-size-medium{font-size:19px}.elementor-widget-heading .elementor-heading-title.elementor-size-large{font-size:29px}.elementor-widget-heading .elementor-heading-title.elementor-size-xl{font-size:39px}.elementor-widget-heading .elementor-heading-title.elementor-size-xxl{font-size:59px}<\/style><h1 class=\"elementor-heading-title elementor-size-default\">Forex<\/h1>\t\t<\/div>\n\t\t\t\t<\/div>\n\t\t\t\t<div class=\"elementor-element elementor-element-9e9dbd2 elementor-widget__width-inherit elementor-widget elementor-widget-text-editor\" data-id=\"9e9dbd2\" data-element_type=\"widget\" data-widget_type=\"text-editor.default\">\n\t\t\t\t<div class=\"elementor-widget-container\">\n\t\t\t<style>\/*! elementor - v3.23.0 - 05-08-2024 *\/\n.elementor-widget-text-editor.elementor-drop-cap-view-stacked .elementor-drop-cap{background-color:#69727d;color:#fff}.elementor-widget-text-editor.elementor-drop-cap-view-framed .elementor-drop-cap{color:#69727d;border:3px solid;background-color:transparent}.elementor-widget-text-editor:not(.elementor-drop-cap-view-default) .elementor-drop-cap{margin-top:8px}.elementor-widget-text-editor:not(.elementor-drop-cap-view-default) .elementor-drop-cap-letter{width:1em;height:1em}.elementor-widget-text-editor .elementor-drop-cap{float:left;text-align:center;line-height:1;font-size:50px}.elementor-widget-text-editor .elementor-drop-cap-letter{display:inline-block}<\/style>\t\t\t\t<p>Investieren Sie in den weltgr\u00f6\u00dften Devisenmarkt mit mehr als 150 W\u00e4hrungspaaren, unterst\u00fctzt durch leistungsstarke Trading-Tools und 24 Stunden Live-Support.<\/p>\t\t\t\t\t\t<\/div>\n\t\t\t\t<\/div>\n\t\t\t\t<div class=\"elementor-element elementor-element-6c5ceb7 elementor-widget__width-auto elementor-widget elementor-widget-button\" data-id=\"6c5ceb7\" data-element_type=\"widget\" data-widget_type=\"button.default\">\n\t\t\t\t<div class=\"elementor-widget-container\">\n\t\t\t\t\t<div class=\"elementor-button-wrapper\">\n\t\t\t<a class=\"elementor-button elementor-button-link elementor-size-lg\" href=\"https:\/\/zitadelle24.com\/de\/sign-up\/\">\n\t\t\t\t\t\t<span class=\"elementor-button-content-wrapper\">\n\t\t\t\t\t\t\t\t\t<span class=\"elementor-button-text\"> Handel beginnen<\/span>\n\t\t\t\t\t<\/span>\n\t\t\t\t\t<\/a>\n\t\t<\/div>\n\t\t\t\t<\/div>\n\t\t\t\t<\/div>\n\t\t\t\t\t<\/div>\n\t\t<\/div>\n\t\t\t\t<div class=\"elementor-column elementor-col-50 elementor-top-column elementor-element elementor-element-65ddd70 elementor-invisible\" data-id=\"65ddd70\" data-element_type=\"column\" data-settings=\"{&quot;animation&quot;:&quot;fadeInLeft&quot;}\">\n\t\t\t<div class=\"elementor-widget-wrap elementor-element-populated\">\n\t\t\t\t\t\t<div class=\"elementor-element elementor-element-fd71813 elementor-widget elementor-widget-image\" data-id=\"fd71813\" data-element_type=\"widget\" data-widget_type=\"image.default\">\n\t\t\t\t<div class=\"elementor-widget-container\">\n\t\t\t<style>\/*! elementor - v3.23.0 - 05-08-2024 *\/\n.elementor-widget-image{text-align:center}.elementor-widget-image a{display:inline-block}.elementor-widget-image a img[src$=\".svg\"]{width:48px}.elementor-widget-image img{vertical-align:middle;display:inline-block}<\/style>\t\t\t\t\t\t\t\t\t\t<img fetchpriority=\"high\" decoding=\"async\" width=\"446\" height=\"447\" src=\"https:\/\/zitadelle24.com\/wp-content\/uploads\/import-me.png\" class=\"attachment-full size-full wp-image-10721\" alt=\"\" \/>\t\t\t\t\t\t\t\t\t\t\t\t\t<\/div>\n\t\t\t\t<\/div>\n\t\t\t\t\t<\/div>\n\t\t<\/div>\n\t\t\t\t\t<\/div>\n\t\t<\/section>\n\t\t\t\t<section class=\"elementor-section elementor-top-section elementor-element elementor-element-2eb7aae elementor-section-boxed elementor-section-height-default elementor-section-height-default\" data-id=\"2eb7aae\" data-element_type=\"section\" data-settings=\"{&quot;background_background&quot;:&quot;classic&quot;}\">\n\t\t\t\t\t\t<div class=\"elementor-container elementor-column-gap-default\">\n\t\t\t\t\t<div class=\"elementor-column elementor-col-50 elementor-top-column elementor-element elementor-element-4127b3f elementor-invisible\" data-id=\"4127b3f\" data-element_type=\"column\" data-settings=\"{&quot;animation&quot;:&quot;fadeInLeft&quot;}\">\n\t\t\t<div class=\"elementor-widget-wrap elementor-element-populated\">\n\t\t\t\t\t\t<div class=\"elementor-element elementor-element-6821d80 elementor-widget elementor-widget-heading\" data-id=\"6821d80\" data-element_type=\"widget\" data-widget_type=\"heading.default\">\n\t\t\t\t<div class=\"elementor-widget-container\">\n\t\t\t<h2 class=\"elementor-heading-title elementor-size-default\">WIE FUNKTIONIERT ES?<\/h2>\t\t<\/div>\n\t\t\t\t<\/div>\n\t\t\t\t<div class=\"elementor-element elementor-element-b3a5e33 elementor-widget elementor-widget-text-editor\" data-id=\"b3a5e33\" data-element_type=\"widget\" data-widget_type=\"text-editor.default\">\n\t\t\t\t<div class=\"elementor-widget-container\">\n\t\t\t\t\t\t\t<p>Der Forex-Handel ist in seinen Grundz\u00fcgen vergleichbar mit dem W\u00e4hrungsumtausch, den Sie auf einer Auslandsreise vornehmen k\u00f6nnten: Ein H\u00e4ndler kauft eine W\u00e4hrung und verkauft eine andere, und der Wechselkurs schwankt h\u00e4ufig als Ergebnis von Angebot und Nachfrage.<\/p><p>Auf dem Devisenmarkt, einem weltweiten Marktplatz, der von Montag bis Freitag rund um die Uhr ge\u00f6ffnet ist, werden W\u00e4hrungen gehandelt. Der Devisenhandel findet vollst\u00e4ndig au\u00dferb\u00f6rslich statt (Zitadelle24), d. h. es gibt keine physische Transaktion, und der Markt wird von einem weltweiten Netz von Banken und anderen Finanzorganisationen \u00fcberwacht.<\/p><p>Der Forex-Markt wird von institutionellen H\u00e4ndler beherrscht, die z. B. bei Banken, Hedge-Fonds und multinationalen Organisationen besch\u00e4ftigt sind. Diese H\u00e4ndler sind nicht immer an der tats\u00e4chlichen Verwahrung der W\u00e4hrungen interessiert, sondern spekulieren m\u00f6glicherweise auf k\u00fcnftige Wechselkursschwankungen oder sichern sich dagegen ab.<\/p>\t\t\t\t\t\t<\/div>\n\t\t\t\t<\/div>\n\t\t\t\t\t<\/div>\n\t\t<\/div>\n\t\t\t\t<div class=\"elementor-column elementor-col-50 elementor-top-column elementor-element elementor-element-5298f51 elementor-invisible\" data-id=\"5298f51\" data-element_type=\"column\" data-settings=\"{&quot;animation&quot;:&quot;fadeInRight&quot;}\">\n\t\t\t<div class=\"elementor-widget-wrap elementor-element-populated\">\n\t\t\t\t\t\t<div class=\"elementor-element elementor-element-83afacc elementor-widget elementor-widget-image\" data-id=\"83afacc\" data-element_type=\"widget\" data-widget_type=\"image.default\">\n\t\t\t\t<div class=\"elementor-widget-container\">\n\t\t\t\t\t\t\t\t\t\t\t\t\t<img decoding=\"async\" width=\"663\" height=\"422\" src=\"https:\/\/zitadelle24.com\/wp-content\/uploads\/image-12.png\" class=\"attachment-large size-large wp-image-10693\" alt=\"\" \/>\t\t\t\t\t\t\t\t\t\t\t\t\t<\/div>\n\t\t\t\t<\/div>\n\t\t\t\t\t<\/div>\n\t\t<\/div>\n\t\t\t\t\t<\/div>\n\t\t<\/section>\n\t\t\t\t<\/div>\n\t\t","protected":false},"excerpt":{"rendered":"<p>Forex Investieren Sie in den weltgr\u00f6\u00dften Devisenmarkt mit mehr als 150 W\u00e4hrungspaaren, unterst\u00fctzt durch leistungsstarke Trading-Tools und 24 Stunden Live-Support. Handel beginnen WIE FUNKTIONIERT ES? Der Forex-Handel ist in seinen Grundz\u00fcgen vergleichbar mit dem W\u00e4hrungsumtausch, den Sie auf einer Auslandsreise vornehmen k\u00f6nnten: Ein H\u00e4ndler kauft eine W\u00e4hrung und verkauft eine andere, und der Wechselkurs schwankt [&hellip;]<\/p>\n","protected":false},"author":1,"featured_media":0,"parent":0,"menu_order":0,"comment_status":"closed","ping_status":"closed","template":"elementor_canvas","meta":{"footnotes":""},"class_list":["post-10847","page","type-page","status-publish","hentry"],"_links":{"self":[{"href":"https:\/\/zitadelle24.com\/de\/wp-json\/wp\/v2\/pages\/10847","targetHints":{"allow":["GET"]}}],"collection":[{"href":"https:\/\/zitadelle24.com\/de\/wp-json\/wp\/v2\/pages"}],"about":[{"href":"https:\/\/zitadelle24.com\/de\/wp-json\/wp\/v2\/types\/page"}],"author":[{"embeddable":true,"href":"https:\/\/zitadelle24.com\/de\/wp-json\/wp\/v2\/users\/1"}],"replies":[{"embeddable":true,"href":"https:\/\/zitadelle24.com\/de\/wp-json\/wp\/v2\/comments?post=10847"}],"version-history":[{"count":18,"href":"https:\/\/zitadelle24.com\/de\/wp-json\/wp\/v2\/pages\/10847\/revisions"}],"predecessor-version":[{"id":11351,"href":"https:\/\/zitadelle24.com\/de\/wp-json\/wp\/v2\/pages\/10847\/revisions\/11351"}],"wp:attachment":[{"href":"https:\/\/zitadelle24.com\/de\/wp-json\/wp\/v2\/media?parent=10847"}],"curies":[{"name":"wp","href":"https:\/\/api.w.org\/{rel}","templated":true}]}}