{"id":10868,"date":"2025-06-05T10:17:07","date_gmt":"2025-06-05T09:17:07","guid":{"rendered":"https:\/\/zitadelle24.com\/?page_id=10868"},"modified":"2025-06-23T15:13:08","modified_gmt":"2025-06-23T14:13:08","slug":"shares","status":"publish","type":"page","link":"https:\/\/zitadelle24.com\/de\/shares\/","title":{"rendered":"Shares"},"content":{"rendered":"\t\t<div data-elementor-type=\"wp-page\" data-elementor-id=\"10868\" class=\"elementor elementor-10868\" data-elementor-post-type=\"page\">\n\t\t\t\t\t\t<section class=\"elementor-section elementor-top-section elementor-element elementor-element-a39bd53 elementor-section-content-middle elementor-section-boxed elementor-section-height-default elementor-section-height-default\" data-id=\"a39bd53\" data-element_type=\"section\" data-settings=\"{&quot;background_background&quot;:&quot;classic&quot;}\">\n\t\t\t\t\t\t\t<div class=\"elementor-background-overlay\"><\/div>\n\t\t\t\t\t\t\t<div class=\"elementor-container elementor-column-gap-default\">\n\t\t\t\t\t<div class=\"elementor-column elementor-col-50 elementor-top-column elementor-element elementor-element-28697f7 elementor-invisible\" data-id=\"28697f7\" data-element_type=\"column\" data-settings=\"{&quot;animation&quot;:&quot;fadeInLeft&quot;}\">\n\t\t\t<div class=\"elementor-widget-wrap elementor-element-populated\">\n\t\t\t\t\t\t<div class=\"elementor-element elementor-element-2f962b4 elementor-widget elementor-widget-heading\" data-id=\"2f962b4\" data-element_type=\"widget\" data-widget_type=\"heading.default\">\n\t\t\t\t<div class=\"elementor-widget-container\">\n\t\t\t<style>\/*! elementor - v3.23.0 - 05-08-2024 *\/\n.elementor-heading-title{padding:0;margin:0;line-height:1}.elementor-widget-heading .elementor-heading-title[class*=elementor-size-]>a{color:inherit;font-size:inherit;line-height:inherit}.elementor-widget-heading .elementor-heading-title.elementor-size-small{font-size:15px}.elementor-widget-heading .elementor-heading-title.elementor-size-medium{font-size:19px}.elementor-widget-heading .elementor-heading-title.elementor-size-large{font-size:29px}.elementor-widget-heading .elementor-heading-title.elementor-size-xl{font-size:39px}.elementor-widget-heading .elementor-heading-title.elementor-size-xxl{font-size:59px}<\/style><h1 class=\"elementor-heading-title elementor-size-default\">Aktien<\/h1>\t\t<\/div>\n\t\t\t\t<\/div>\n\t\t\t\t<div class=\"elementor-element elementor-element-10e52e2 elementor-widget__width-inherit elementor-widget elementor-widget-text-editor\" data-id=\"10e52e2\" data-element_type=\"widget\" data-widget_type=\"text-editor.default\">\n\t\t\t\t<div class=\"elementor-widget-container\">\n\t\t\t<style>\/*! elementor - v3.23.0 - 05-08-2024 *\/\n.elementor-widget-text-editor.elementor-drop-cap-view-stacked .elementor-drop-cap{background-color:#69727d;color:#fff}.elementor-widget-text-editor.elementor-drop-cap-view-framed .elementor-drop-cap{color:#69727d;border:3px solid;background-color:transparent}.elementor-widget-text-editor:not(.elementor-drop-cap-view-default) .elementor-drop-cap{margin-top:8px}.elementor-widget-text-editor:not(.elementor-drop-cap-view-default) .elementor-drop-cap-letter{width:1em;height:1em}.elementor-widget-text-editor .elementor-drop-cap{float:left;text-align:center;line-height:1;font-size:50px}.elementor-widget-text-editor .elementor-drop-cap-letter{display:inline-block}<\/style>\t\t\t\t<p>Mit dem Projekt V42 k\u00f6nnen Sie die folgenden hoch bewerteten Aktien handeln: BRKb, BHP- BILLITON, BT, BURBERRY THE UNITED STATES, CENTRICA, GLENCORE, HSBC, LLOYDS, PHIL-MOR, VERIZON, VISA, WALMART, WELLS-FG, AMAZON, AND APPLE.<\/p>\t\t\t\t\t\t<\/div>\n\t\t\t\t<\/div>\n\t\t\t\t<div class=\"elementor-element elementor-element-50f534d elementor-widget__width-auto elementor-widget elementor-widget-button\" data-id=\"50f534d\" data-element_type=\"widget\" data-widget_type=\"button.default\">\n\t\t\t\t<div class=\"elementor-widget-container\">\n\t\t\t\t\t<div class=\"elementor-button-wrapper\">\n\t\t\t<a class=\"elementor-button elementor-button-link elementor-size-lg\" href=\"https:\/\/zitadelle24.com\/de\/sign-up\/\">\n\t\t\t\t\t\t<span class=\"elementor-button-content-wrapper\">\n\t\t\t\t\t\t\t\t\t<span class=\"elementor-button-text\"> Handel beginnen<\/span>\n\t\t\t\t\t<\/span>\n\t\t\t\t\t<\/a>\n\t\t<\/div>\n\t\t\t\t<\/div>\n\t\t\t\t<\/div>\n\t\t\t\t\t<\/div>\n\t\t<\/div>\n\t\t\t\t<div class=\"elementor-column elementor-col-50 elementor-top-column elementor-element elementor-element-b525614 elementor-invisible\" data-id=\"b525614\" data-element_type=\"column\" data-settings=\"{&quot;animation&quot;:&quot;fadeInLeft&quot;}\">\n\t\t\t<div class=\"elementor-widget-wrap elementor-element-populated\">\n\t\t\t\t\t\t<div class=\"elementor-element elementor-element-8d96fba elementor-widget elementor-widget-image\" data-id=\"8d96fba\" data-element_type=\"widget\" data-widget_type=\"image.default\">\n\t\t\t\t<div class=\"elementor-widget-container\">\n\t\t\t<style>\/*! elementor - v3.23.0 - 05-08-2024 *\/\n.elementor-widget-image{text-align:center}.elementor-widget-image a{display:inline-block}.elementor-widget-image a img[src$=\".svg\"]{width:48px}.elementor-widget-image img{vertical-align:middle;display:inline-block}<\/style>\t\t\t\t\t\t\t\t\t\t<img fetchpriority=\"high\" decoding=\"async\" width=\"446\" height=\"447\" src=\"https:\/\/zitadelle24.com\/wp-content\/uploads\/import-me.png\" class=\"attachment-full size-full wp-image-10721\" alt=\"\" \/>\t\t\t\t\t\t\t\t\t\t\t\t\t<\/div>\n\t\t\t\t<\/div>\n\t\t\t\t\t<\/div>\n\t\t<\/div>\n\t\t\t\t\t<\/div>\n\t\t<\/section>\n\t\t\t\t<section class=\"elementor-section elementor-top-section elementor-element elementor-element-88c5e7e elementor-section-boxed elementor-section-height-default elementor-section-height-default\" data-id=\"88c5e7e\" data-element_type=\"section\" data-settings=\"{&quot;background_background&quot;:&quot;classic&quot;}\">\n\t\t\t\t\t\t<div class=\"elementor-container elementor-column-gap-default\">\n\t\t\t\t\t<div class=\"elementor-column elementor-col-50 elementor-top-column elementor-element elementor-element-9d95287 elementor-invisible\" data-id=\"9d95287\" data-element_type=\"column\" data-settings=\"{&quot;animation&quot;:&quot;fadeInLeft&quot;}\">\n\t\t\t<div class=\"elementor-widget-wrap elementor-element-populated\">\n\t\t\t\t\t\t<div class=\"elementor-element elementor-element-e8cf55f elementor-widget elementor-widget-heading\" data-id=\"e8cf55f\" data-element_type=\"widget\" data-widget_type=\"heading.default\">\n\t\t\t\t<div class=\"elementor-widget-container\">\n\t\t\t<h2 class=\"elementor-heading-title elementor-size-default\">WIE FUNKTIONIERT ES?<\/h2>\t\t<\/div>\n\t\t\t\t<\/div>\n\t\t\t\t<div class=\"elementor-element elementor-element-821fd7e elementor-widget elementor-widget-text-editor\" data-id=\"821fd7e\" data-element_type=\"widget\" data-widget_type=\"text-editor.default\">\n\t\t\t\t<div class=\"elementor-widget-container\">\n\t\t\t\t\t\t\t<p>Beim Aktienhandel geht es darum, Aktien eines Unternehmens zu kaufen und zu erwerben und sie dann mit Gewinn zu verkaufen. Normalerweise w\u00fcrden Sie in dieser Situation ein \u201eNominee\u201c-Konto einrichten. H\u00e4ufig f\u00fchrt ein B\u00f6rsenmakler gegen eine geringe Geb\u00fchr Gesch\u00e4fte in Ihrem Namen aus. Der Gro\u00dfteil des Aktienhandels findet an B\u00f6rsen statt, an denen b\u00f6rsennotierte Unternehmen gelistet sind. Diese Strategie beinhaltet den direkten Kauf und Verkauf von Aktien \u00fcber Kassa- oder Terminkontrakte. Die Investition muss sich nicht auf B\u00f6rsenindizes und Einzelaktien beschr\u00e4nken.<\/p><p>Au\u00dferdem k\u00f6nnen Sie in b\u00f6rsengehandelte Fonds und Investmentfonds investieren oder Ihr Portfolio durch den Kauf von Aktien und Anleihen weiter diversifizieren. Alternativ k\u00f6nnen Sie mit Aktien handeln, indem Sie Derivate wie Spread Bets und Contracts for Difference (CFDs) einsetzen. Auf diese Weise k\u00f6nnen Sie von steigenden und fallenden Aktienkursen profitieren, indem Sie eine Long- oder Short-Position eingehen. Beim Handel mit Spread-Wetten oder CFDs erwerben Sie kein Eigentum an den zugrunde liegenden Aktien. Sie sagen lediglich voraus, ob die Kurse steigen oder fallen werden, und gehen entsprechend eine Position ein.<\/p>\t\t\t\t\t\t<\/div>\n\t\t\t\t<\/div>\n\t\t\t\t\t<\/div>\n\t\t<\/div>\n\t\t\t\t<div class=\"elementor-column elementor-col-50 elementor-top-column elementor-element elementor-element-1e2a1ae elementor-invisible\" data-id=\"1e2a1ae\" data-element_type=\"column\" data-settings=\"{&quot;animation&quot;:&quot;fadeInRight&quot;}\">\n\t\t\t<div class=\"elementor-widget-wrap elementor-element-populated\">\n\t\t\t\t\t\t<div class=\"elementor-element elementor-element-5d81bb8 elementor-widget elementor-widget-image\" data-id=\"5d81bb8\" data-element_type=\"widget\" data-widget_type=\"image.default\">\n\t\t\t\t<div class=\"elementor-widget-container\">\n\t\t\t\t\t\t\t\t\t\t\t\t\t<img decoding=\"async\" width=\"573\" height=\"508\" src=\"https:\/\/zitadelle24.com\/wp-content\/uploads\/Frame-96-5.png\" class=\"attachment-large size-large wp-image-10964\" alt=\"\" \/>\t\t\t\t\t\t\t\t\t\t\t\t\t<\/div>\n\t\t\t\t<\/div>\n\t\t\t\t\t<\/div>\n\t\t<\/div>\n\t\t\t\t\t<\/div>\n\t\t<\/section>\n\t\t\t\t<\/div>\n\t\t","protected":false},"excerpt":{"rendered":"<p>Aktien Mit dem Projekt V42 k\u00f6nnen Sie die folgenden hoch bewerteten Aktien handeln: BRKb, BHP- BILLITON, BT, BURBERRY THE UNITED STATES, CENTRICA, GLENCORE, HSBC, LLOYDS, PHIL-MOR, VERIZON, VISA, WALMART, WELLS-FG, AMAZON, AND APPLE. Handel beginnen WIE FUNKTIONIERT ES? Beim Aktienhandel geht es darum, Aktien eines Unternehmens zu kaufen und zu erwerben und sie dann mit [&hellip;]<\/p>\n","protected":false},"author":1,"featured_media":0,"parent":0,"menu_order":0,"comment_status":"closed","ping_status":"closed","template":"elementor_canvas","meta":{"footnotes":""},"class_list":["post-10868","page","type-page","status-publish","hentry"],"_links":{"self":[{"href":"https:\/\/zitadelle24.com\/de\/wp-json\/wp\/v2\/pages\/10868","targetHints":{"allow":["GET"]}}],"collection":[{"href":"https:\/\/zitadelle24.com\/de\/wp-json\/wp\/v2\/pages"}],"about":[{"href":"https:\/\/zitadelle24.com\/de\/wp-json\/wp\/v2\/types\/page"}],"author":[{"embeddable":true,"href":"https:\/\/zitadelle24.com\/de\/wp-json\/wp\/v2\/users\/1"}],"replies":[{"embeddable":true,"href":"https:\/\/zitadelle24.com\/de\/wp-json\/wp\/v2\/comments?post=10868"}],"version-history":[{"count":13,"href":"https:\/\/zitadelle24.com\/de\/wp-json\/wp\/v2\/pages\/10868\/revisions"}],"predecessor-version":[{"id":11132,"href":"https:\/\/zitadelle24.com\/de\/wp-json\/wp\/v2\/pages\/10868\/revisions\/11132"}],"wp:attachment":[{"href":"https:\/\/zitadelle24.com\/de\/wp-json\/wp\/v2\/media?parent=10868"}],"curies":[{"name":"wp","href":"https:\/\/api.w.org\/{rel}","templated":true}]}}