{"id":10874,"date":"2025-06-05T11:54:19","date_gmt":"2025-06-05T10:54:19","guid":{"rendered":"https:\/\/zitadelle24.com\/?page_id=10874"},"modified":"2025-06-07T13:14:35","modified_gmt":"2025-06-07T12:14:35","slug":"privacy-policy","status":"publish","type":"page","link":"https:\/\/zitadelle24.com\/de\/privacy-policy\/","title":{"rendered":"Privacy Policy"},"content":{"rendered":"\t\t<div data-elementor-type=\"wp-page\" data-elementor-id=\"10874\" class=\"elementor elementor-10874\" data-elementor-post-type=\"page\">\n\t\t\t\t\t\t<section class=\"elementor-section elementor-top-section elementor-element elementor-element-d72dc7b elementor-section-content-middle elementor-section-boxed elementor-section-height-default elementor-section-height-default\" data-id=\"d72dc7b\" data-element_type=\"section\" data-settings=\"{&quot;background_background&quot;:&quot;classic&quot;}\">\n\t\t\t\t\t\t\t<div class=\"elementor-background-overlay\"><\/div>\n\t\t\t\t\t\t\t<div class=\"elementor-container elementor-column-gap-default\">\n\t\t\t\t\t<div class=\"elementor-column elementor-col-100 elementor-top-column elementor-element elementor-element-6b3bbb6 elementor-invisible\" data-id=\"6b3bbb6\" data-element_type=\"column\" data-settings=\"{&quot;animation&quot;:&quot;fadeInLeft&quot;}\">\n\t\t\t<div class=\"elementor-widget-wrap elementor-element-populated\">\n\t\t\t\t\t\t<div class=\"elementor-element elementor-element-e3853cb elementor-widget elementor-widget-heading\" data-id=\"e3853cb\" data-element_type=\"widget\" data-widget_type=\"heading.default\">\n\t\t\t\t<div class=\"elementor-widget-container\">\n\t\t\t<style>\/*! elementor - v3.23.0 - 05-08-2024 *\/\n.elementor-heading-title{padding:0;margin:0;line-height:1}.elementor-widget-heading .elementor-heading-title[class*=elementor-size-]>a{color:inherit;font-size:inherit;line-height:inherit}.elementor-widget-heading .elementor-heading-title.elementor-size-small{font-size:15px}.elementor-widget-heading .elementor-heading-title.elementor-size-medium{font-size:19px}.elementor-widget-heading .elementor-heading-title.elementor-size-large{font-size:29px}.elementor-widget-heading .elementor-heading-title.elementor-size-xl{font-size:39px}.elementor-widget-heading .elementor-heading-title.elementor-size-xxl{font-size:59px}<\/style><h1 class=\"elementor-heading-title elementor-size-default\">Datenschutzrichtlinie<\/h1>\t\t<\/div>\n\t\t\t\t<\/div>\n\t\t\t\t\t<\/div>\n\t\t<\/div>\n\t\t\t\t\t<\/div>\n\t\t<\/section>\n\t\t\t\t<section class=\"elementor-section elementor-top-section elementor-element elementor-element-f8a15ca elementor-section-boxed elementor-section-height-default elementor-section-height-default\" data-id=\"f8a15ca\" data-element_type=\"section\">\n\t\t\t\t\t\t<div class=\"elementor-container elementor-column-gap-default\">\n\t\t\t\t\t<div class=\"elementor-column elementor-col-100 elementor-top-column elementor-element elementor-element-b11fde9\" data-id=\"b11fde9\" data-element_type=\"column\">\n\t\t\t<div class=\"elementor-widget-wrap elementor-element-populated\">\n\t\t\t\t\t\t<div class=\"elementor-element elementor-element-32638c6 elementor-widget elementor-widget-text-editor\" data-id=\"32638c6\" data-element_type=\"widget\" data-widget_type=\"text-editor.default\">\n\t\t\t\t<div class=\"elementor-widget-container\">\n\t\t\t<style>\/*! elementor - v3.23.0 - 05-08-2024 *\/\n.elementor-widget-text-editor.elementor-drop-cap-view-stacked .elementor-drop-cap{background-color:#69727d;color:#fff}.elementor-widget-text-editor.elementor-drop-cap-view-framed .elementor-drop-cap{color:#69727d;border:3px solid;background-color:transparent}.elementor-widget-text-editor:not(.elementor-drop-cap-view-default) .elementor-drop-cap{margin-top:8px}.elementor-widget-text-editor:not(.elementor-drop-cap-view-default) .elementor-drop-cap-letter{width:1em;height:1em}.elementor-widget-text-editor .elementor-drop-cap{float:left;text-align:center;line-height:1;font-size:50px}.elementor-widget-text-editor .elementor-drop-cap-letter{display:inline-block}<\/style>\t\t\t\t<p>Die Datenschutzrichtlinie von Zitadelle24 setzt alles daran, die Privatsph\u00e4re, Vertraulichkeit und Sicherheit der Kunden w\u00e4hrend und nach der Interaktion mit dem Unternehmen so weit wie m\u00f6glich zu gew\u00e4hrleisten.<\/p><p>Mit der Registrierung bei Zitadelle24 erkl\u00e4ren sich Kunden damit einverstanden, bestimmte personenbezogene Daten an das Unternehmen weiterzugeben. Diese Daten verwenden wir zur \u00dcberpr\u00fcfung der Identit\u00e4t des Kunden und zur Gew\u00e4hrleistung der Sicherheit seiner Einlagen und seines Handelskontos. Diese Daten werden gem\u00e4\u00df unseren strengen Verifizierungsverfahren erhoben, die dazu dienen, internationale Geldw\u00e4schetransaktionen zu verhindern und die Sicherheit der Handelsaktivit\u00e4ten unserer Kunden in allen Phasen zu gew\u00e4hrleisten.<\/p><p>Unsere Kunden verpflichten sich, uns wahrheitsgem\u00e4\u00dfe, aktuelle und genaue Angaben zu ihrer Identit\u00e4t zu machen. Dar\u00fcber hinaus m\u00fcssen sie ausdr\u00fccklich erkl\u00e4ren, dass sie sich in ihrem eigenen Namen registrieren und handeln und niemals versuchen, betr\u00fcgerische Aktivit\u00e4ten durchzuf\u00fchren oder sich f\u00fcr andere Zwecke auszugeben.<\/p><p>Zitadelle24 erhebt unter anderem freiwillig \u00fcbermittelte Kundendaten und setzt Cookies, um Daten \u00fcber die Interaktion des Kunden mit der Zitadelle24-Website zu sammeln. Diese Tools zur Erfassung von Kundendaten dienen der Sicherheit des Kunden. Alle erhobenen Daten werden ausschlie\u00dflich an Personen innerhalb des Unternehmens weitergegeben, die an der \u00dcberpr\u00fcfung der Kundenkontoinformationen beteiligt sind, um die Sicherheit des Kunden zu gew\u00e4hrleisten.<\/p><p>Zitadelle24 gibt niemals private oder sonstige vertrauliche Informationen \u00fcber unsere Kunden und ehemaligen Kunden ohne deren ausdr\u00fcckliche schriftliche Zustimmung an Dritte weiter, au\u00dfer in besonderen F\u00e4llen, in denen die Weitergabe gesetzlich vorgeschrieben oder anderweitig f\u00fcr eine sorgf\u00e4ltige Pr\u00fcfung der Identit\u00e4t des Kunden zum Schutz seines Kontos und seiner pers\u00f6nlichen Daten erforderlich ist.<\/p><p>Durch die Registrierung bei Zitadelle24 und die freiwillige Nutzung von Produkten und Dienstleistungen Ihrer Marke erkl\u00e4ren sich Kunden mit der Verwendung aller oder eines Teils der von ihnen im Zusammenhang mit ihrem Zitadelle24-H\u00e4ndlerkonto, den dar\u00fcber get\u00e4tigten Transaktionen und den Interaktionen mit dem Unternehmen im Namen des Unternehmens bereitgestellten Informationen einverstanden. Alle Kundeninteraktionen mit dem Unternehmen werden vom Unternehmen zu Dokumentationszwecken gespeichert und k\u00f6nnen daher im Streitfall zwischen Kunden und Zitadelle24 verwendet werden.<\/p><p>Zitadelle24 ist bestrebt, die Vertraulichkeit der pers\u00f6nlichen Daten seiner Kunden zu wahren, einschlie\u00dflich der Implementierung von Datensicherheitsverfahren zum Schutz der Privatsph\u00e4re der Kunden. Zitadelle24 stellt sicher, dass seine Datenschutzrichtlinie regelm\u00e4\u00dfig aktualisiert wird, um den Schutz vertraulicher Kundendaten stets zu gew\u00e4hrleisten.<\/p><p>Zitadelle24 kann Kunden gelegentlich telefonisch oder per E-Mail kontaktieren, um ihnen zus\u00e4tzliche Informationen zum Handel mit bin\u00e4ren Optionen oder zum Handel an den Finanzm\u00e4rkten mit Zitadelle24 zukommen zu lassen. Dar\u00fcber hinaus kann das Unternehmen gelegentlich versuchen, Kunden telefonisch oder per E-Mail zu kontaktieren, um sie \u00fcber besondere Werbeangebote von Zitadelle24 zu informieren. Kunden erkl\u00e4ren sich mit der Zustimmung zu unseren Nutzungsbedingungen bei der Registrierung bei Zitadelle24 einverstanden. Wer den weiteren Kontakt mit Zitadelle24 jederzeit abbestellen m\u00f6chte, kann dies tun, indem er das Unternehmen telefonisch oder per E-Mail kontaktiert und darum bittet, dass keine weitere Kontaktaufnahme durch das Unternehmen erfolgt.<\/p>\t\t\t\t\t\t<\/div>\n\t\t\t\t<\/div>\n\t\t\t\t\t<\/div>\n\t\t<\/div>\n\t\t\t\t\t<\/div>\n\t\t<\/section>\n\t\t\t\t<\/div>\n\t\t","protected":false},"excerpt":{"rendered":"<p>Datenschutzrichtlinie Die Datenschutzrichtlinie von Zitadelle24 setzt alles daran, die Privatsph\u00e4re, Vertraulichkeit und Sicherheit der Kunden w\u00e4hrend und nach der Interaktion mit dem Unternehmen so weit wie m\u00f6glich zu gew\u00e4hrleisten. Mit der Registrierung bei Zitadelle24 erkl\u00e4ren sich Kunden damit einverstanden, bestimmte personenbezogene Daten an das Unternehmen weiterzugeben. Diese Daten verwenden wir zur \u00dcberpr\u00fcfung der Identit\u00e4t des [&hellip;]<\/p>\n","protected":false},"author":1,"featured_media":0,"parent":0,"menu_order":0,"comment_status":"closed","ping_status":"closed","template":"elementor_canvas","meta":{"footnotes":""},"class_list":["post-10874","page","type-page","status-publish","hentry"],"_links":{"self":[{"href":"https:\/\/zitadelle24.com\/de\/wp-json\/wp\/v2\/pages\/10874","targetHints":{"allow":["GET"]}}],"collection":[{"href":"https:\/\/zitadelle24.com\/de\/wp-json\/wp\/v2\/pages"}],"about":[{"href":"https:\/\/zitadelle24.com\/de\/wp-json\/wp\/v2\/types\/page"}],"author":[{"embeddable":true,"href":"https:\/\/zitadelle24.com\/de\/wp-json\/wp\/v2\/users\/1"}],"replies":[{"embeddable":true,"href":"https:\/\/zitadelle24.com\/de\/wp-json\/wp\/v2\/comments?post=10874"}],"version-history":[{"count":3,"href":"https:\/\/zitadelle24.com\/de\/wp-json\/wp\/v2\/pages\/10874\/revisions"}],"predecessor-version":[{"id":10877,"href":"https:\/\/zitadelle24.com\/de\/wp-json\/wp\/v2\/pages\/10874\/revisions\/10877"}],"wp:attachment":[{"href":"https:\/\/zitadelle24.com\/de\/wp-json\/wp\/v2\/media?parent=10874"}],"curies":[{"name":"wp","href":"https:\/\/api.w.org\/{rel}","templated":true}]}}