{"id":10890,"date":"2025-06-05T10:15:46","date_gmt":"2025-06-05T09:15:46","guid":{"rendered":"https:\/\/zitadelle24.com\/?page_id=10890"},"modified":"2025-06-23T14:43:42","modified_gmt":"2025-06-23T13:43:42","slug":"indices","status":"publish","type":"page","link":"https:\/\/zitadelle24.com\/de\/indices\/","title":{"rendered":"Indices"},"content":{"rendered":"\t\t<div data-elementor-type=\"wp-page\" data-elementor-id=\"10890\" class=\"elementor elementor-10890\" data-elementor-post-type=\"page\">\n\t\t\t\t\t\t<section class=\"elementor-section elementor-top-section elementor-element elementor-element-b258a8c elementor-section-content-middle elementor-section-boxed elementor-section-height-default elementor-section-height-default\" data-id=\"b258a8c\" data-element_type=\"section\" data-settings=\"{&quot;background_background&quot;:&quot;classic&quot;}\">\n\t\t\t\t\t\t\t<div class=\"elementor-background-overlay\"><\/div>\n\t\t\t\t\t\t\t<div class=\"elementor-container elementor-column-gap-default\">\n\t\t\t\t\t<div class=\"elementor-column elementor-col-50 elementor-top-column elementor-element elementor-element-d9861ac elementor-invisible\" data-id=\"d9861ac\" data-element_type=\"column\" data-settings=\"{&quot;animation&quot;:&quot;fadeInLeft&quot;}\">\n\t\t\t<div class=\"elementor-widget-wrap elementor-element-populated\">\n\t\t\t\t\t\t<div class=\"elementor-element elementor-element-52efd67 elementor-widget elementor-widget-heading\" data-id=\"52efd67\" data-element_type=\"widget\" data-widget_type=\"heading.default\">\n\t\t\t\t<div class=\"elementor-widget-container\">\n\t\t\t<style>\/*! elementor - v3.23.0 - 05-08-2024 *\/\n.elementor-heading-title{padding:0;margin:0;line-height:1}.elementor-widget-heading .elementor-heading-title[class*=elementor-size-]>a{color:inherit;font-size:inherit;line-height:inherit}.elementor-widget-heading .elementor-heading-title.elementor-size-small{font-size:15px}.elementor-widget-heading .elementor-heading-title.elementor-size-medium{font-size:19px}.elementor-widget-heading .elementor-heading-title.elementor-size-large{font-size:29px}.elementor-widget-heading .elementor-heading-title.elementor-size-xl{font-size:39px}.elementor-widget-heading .elementor-heading-title.elementor-size-xxl{font-size:59px}<\/style><h1 class=\"elementor-heading-title elementor-size-default\">Indizes<\/h1>\t\t<\/div>\n\t\t\t\t<\/div>\n\t\t\t\t<div class=\"elementor-element elementor-element-6030b1d elementor-widget__width-inherit elementor-widget elementor-widget-text-editor\" data-id=\"6030b1d\" data-element_type=\"widget\" data-widget_type=\"text-editor.default\">\n\t\t\t\t<div class=\"elementor-widget-container\">\n\t\t\t<style>\/*! elementor - v3.23.0 - 05-08-2024 *\/\n.elementor-widget-text-editor.elementor-drop-cap-view-stacked .elementor-drop-cap{background-color:#69727d;color:#fff}.elementor-widget-text-editor.elementor-drop-cap-view-framed .elementor-drop-cap{color:#69727d;border:3px solid;background-color:transparent}.elementor-widget-text-editor:not(.elementor-drop-cap-view-default) .elementor-drop-cap{margin-top:8px}.elementor-widget-text-editor:not(.elementor-drop-cap-view-default) .elementor-drop-cap-letter{width:1em;height:1em}.elementor-widget-text-editor .elementor-drop-cap{float:left;text-align:center;line-height:1;font-size:50px}.elementor-widget-text-editor .elementor-drop-cap-letter{display:inline-block}<\/style>\t\t\t\t<p>Steigern Sie Ihr Einkommen mit den folgenden Wertpapieren: JP225, UK100, SWI20, US30, US500, USTEC, N25, F40, IT40, STOXX 50, DE 30, AUD 200, 35 ESP, CHINAA.<\/p>\t\t\t\t\t\t<\/div>\n\t\t\t\t<\/div>\n\t\t\t\t<div class=\"elementor-element elementor-element-68408c7 elementor-widget__width-auto elementor-widget elementor-widget-button\" data-id=\"68408c7\" data-element_type=\"widget\" data-widget_type=\"button.default\">\n\t\t\t\t<div class=\"elementor-widget-container\">\n\t\t\t\t\t<div class=\"elementor-button-wrapper\">\n\t\t\t<a class=\"elementor-button elementor-button-link elementor-size-lg\" href=\"https:\/\/zitadelle24.com\/de\/sign-up\/\">\n\t\t\t\t\t\t<span class=\"elementor-button-content-wrapper\">\n\t\t\t\t\t\t\t\t\t<span class=\"elementor-button-text\"> Handel beginnen<\/span>\n\t\t\t\t\t<\/span>\n\t\t\t\t\t<\/a>\n\t\t<\/div>\n\t\t\t\t<\/div>\n\t\t\t\t<\/div>\n\t\t\t\t\t<\/div>\n\t\t<\/div>\n\t\t\t\t<div class=\"elementor-column elementor-col-50 elementor-top-column elementor-element elementor-element-45d811e elementor-invisible\" data-id=\"45d811e\" data-element_type=\"column\" data-settings=\"{&quot;animation&quot;:&quot;fadeInLeft&quot;}\">\n\t\t\t<div class=\"elementor-widget-wrap elementor-element-populated\">\n\t\t\t\t\t\t<div class=\"elementor-element elementor-element-c1162e7 elementor-widget elementor-widget-image\" data-id=\"c1162e7\" data-element_type=\"widget\" data-widget_type=\"image.default\">\n\t\t\t\t<div class=\"elementor-widget-container\">\n\t\t\t<style>\/*! elementor - v3.23.0 - 05-08-2024 *\/\n.elementor-widget-image{text-align:center}.elementor-widget-image a{display:inline-block}.elementor-widget-image a img[src$=\".svg\"]{width:48px}.elementor-widget-image img{vertical-align:middle;display:inline-block}<\/style>\t\t\t\t\t\t\t\t\t\t<img fetchpriority=\"high\" decoding=\"async\" width=\"446\" height=\"447\" src=\"https:\/\/zitadelle24.com\/wp-content\/uploads\/import-me.png\" class=\"attachment-full size-full wp-image-10721\" alt=\"\" \/>\t\t\t\t\t\t\t\t\t\t\t\t\t<\/div>\n\t\t\t\t<\/div>\n\t\t\t\t\t<\/div>\n\t\t<\/div>\n\t\t\t\t\t<\/div>\n\t\t<\/section>\n\t\t\t\t<section class=\"elementor-section elementor-top-section elementor-element elementor-element-6cda7fb elementor-section-boxed elementor-section-height-default elementor-section-height-default\" data-id=\"6cda7fb\" data-element_type=\"section\" data-settings=\"{&quot;background_background&quot;:&quot;classic&quot;}\">\n\t\t\t\t\t\t<div class=\"elementor-container elementor-column-gap-default\">\n\t\t\t\t\t<div class=\"elementor-column elementor-col-50 elementor-top-column elementor-element elementor-element-f517ed6 elementor-invisible\" data-id=\"f517ed6\" data-element_type=\"column\" data-settings=\"{&quot;animation&quot;:&quot;fadeInLeft&quot;}\">\n\t\t\t<div class=\"elementor-widget-wrap elementor-element-populated\">\n\t\t\t\t\t\t<div class=\"elementor-element elementor-element-5c4e818 elementor-widget elementor-widget-heading\" data-id=\"5c4e818\" data-element_type=\"widget\" data-widget_type=\"heading.default\">\n\t\t\t\t<div class=\"elementor-widget-container\">\n\t\t\t<h2 class=\"elementor-heading-title elementor-size-default\">WIE FUNKTIONIERT ES?<\/h2>\t\t<\/div>\n\t\t\t\t<\/div>\n\t\t\t\t<div class=\"elementor-element elementor-element-bdafc42 elementor-widget elementor-widget-text-editor\" data-id=\"bdafc42\" data-element_type=\"widget\" data-widget_type=\"text-editor.default\">\n\t\t\t\t<div class=\"elementor-widget-container\">\n\t\t\t\t\t\t\t<p>Der Indexhandel ist eine g\u00e4ngige Methode f\u00fcr Anleger, sich an den Finanzm\u00e4rkten zu engagieren, ohne direkt in Unternehmensaktien zu investieren. Der Handel mit B\u00f6rsenindizes ist eine Strategie zur Risikominimierung im Aktienhandel. Ein Index wird in der Regel als gewichteter Durchschnitt der Kurse der in ihm enthaltenen Unternehmen gebildet. Jeder Index legt die Anforderungen fest, die ein Unternehmen erf\u00fcllen muss, um aufgenommen zu werden.<\/p><p>Durch die Beobachtung der Wertentwicklung einer gro\u00dfen Anzahl von Aktien versucht ein Index, den Zustand eines breiten Industriesektors oder des gesamten Aktienmarktes eines Landes zu erfassen. F\u00fcr den Kauf und Verkauf durch die Anleger entwickeln Fondsanbieter aktive und passive indexgebundene Fonds sowie Derivate. Indizes dienen als Barometer f\u00fcr die Entwicklung des gesamten Aktienmarktes. Die Richtung des Indexwerts gibt Aufschluss \u00fcber die Gesundheit der Wirtschaft oder des Industriesektors.<\/p>\t\t\t\t\t\t<\/div>\n\t\t\t\t<\/div>\n\t\t\t\t\t<\/div>\n\t\t<\/div>\n\t\t\t\t<div class=\"elementor-column elementor-col-50 elementor-top-column elementor-element elementor-element-44a8314 elementor-invisible\" data-id=\"44a8314\" data-element_type=\"column\" data-settings=\"{&quot;animation&quot;:&quot;fadeInRight&quot;}\">\n\t\t\t<div class=\"elementor-widget-wrap elementor-element-populated\">\n\t\t\t\t\t\t<div class=\"elementor-element elementor-element-07378bf elementor-widget elementor-widget-image\" data-id=\"07378bf\" data-element_type=\"widget\" data-widget_type=\"image.default\">\n\t\t\t\t<div class=\"elementor-widget-container\">\n\t\t\t\t\t\t\t\t\t\t\t\t\t<img decoding=\"async\" width=\"661\" height=\"586\" src=\"https:\/\/zitadelle24.com\/wp-content\/uploads\/Frame-96-4.png\" class=\"attachment-large size-large wp-image-10662\" alt=\"\" \/>\t\t\t\t\t\t\t\t\t\t\t\t\t<\/div>\n\t\t\t\t<\/div>\n\t\t\t\t\t<\/div>\n\t\t<\/div>\n\t\t\t\t\t<\/div>\n\t\t<\/section>\n\t\t\t\t<\/div>\n\t\t","protected":false},"excerpt":{"rendered":"<p>Indizes Steigern Sie Ihr Einkommen mit den folgenden Wertpapieren: JP225, UK100, SWI20, US30, US500, USTEC, N25, F40, IT40, STOXX 50, DE 30, AUD 200, 35 ESP, CHINAA. Handel beginnen WIE FUNKTIONIERT ES? Der Indexhandel ist eine g\u00e4ngige Methode f\u00fcr Anleger, sich an den Finanzm\u00e4rkten zu engagieren, ohne direkt in Unternehmensaktien zu investieren. Der Handel mit [&hellip;]<\/p>\n","protected":false},"author":1,"featured_media":0,"parent":0,"menu_order":0,"comment_status":"closed","ping_status":"closed","template":"elementor_canvas","meta":{"footnotes":""},"class_list":["post-10890","page","type-page","status-publish","hentry"],"_links":{"self":[{"href":"https:\/\/zitadelle24.com\/de\/wp-json\/wp\/v2\/pages\/10890","targetHints":{"allow":["GET"]}}],"collection":[{"href":"https:\/\/zitadelle24.com\/de\/wp-json\/wp\/v2\/pages"}],"about":[{"href":"https:\/\/zitadelle24.com\/de\/wp-json\/wp\/v2\/types\/page"}],"author":[{"embeddable":true,"href":"https:\/\/zitadelle24.com\/de\/wp-json\/wp\/v2\/users\/1"}],"replies":[{"embeddable":true,"href":"https:\/\/zitadelle24.com\/de\/wp-json\/wp\/v2\/comments?post=10890"}],"version-history":[{"count":15,"href":"https:\/\/zitadelle24.com\/de\/wp-json\/wp\/v2\/pages\/10890\/revisions"}],"predecessor-version":[{"id":11106,"href":"https:\/\/zitadelle24.com\/de\/wp-json\/wp\/v2\/pages\/10890\/revisions\/11106"}],"wp:attachment":[{"href":"https:\/\/zitadelle24.com\/de\/wp-json\/wp\/v2\/media?parent=10890"}],"curies":[{"name":"wp","href":"https:\/\/api.w.org\/{rel}","templated":true}]}}