{"id":10896,"date":"2025-06-05T11:55:05","date_gmt":"2025-06-05T10:55:05","guid":{"rendered":"https:\/\/zitadelle24.com\/?page_id=10896"},"modified":"2025-06-07T13:16:15","modified_gmt":"2025-06-07T12:16:15","slug":"know-your-client","status":"publish","type":"page","link":"https:\/\/zitadelle24.com\/de\/know-your-client\/","title":{"rendered":"Know Your Client"},"content":{"rendered":"\t\t<div data-elementor-type=\"wp-page\" data-elementor-id=\"10896\" class=\"elementor elementor-10896\" data-elementor-post-type=\"page\">\n\t\t\t\t\t\t<section class=\"elementor-section elementor-top-section elementor-element elementor-element-86c52fa elementor-section-content-middle elementor-section-boxed elementor-section-height-default elementor-section-height-default\" data-id=\"86c52fa\" data-element_type=\"section\" data-settings=\"{&quot;background_background&quot;:&quot;classic&quot;}\">\n\t\t\t\t\t\t\t<div class=\"elementor-background-overlay\"><\/div>\n\t\t\t\t\t\t\t<div class=\"elementor-container elementor-column-gap-default\">\n\t\t\t\t\t<div class=\"elementor-column elementor-col-100 elementor-top-column elementor-element elementor-element-c4cfcd3 elementor-invisible\" data-id=\"c4cfcd3\" data-element_type=\"column\" data-settings=\"{&quot;animation&quot;:&quot;fadeInLeft&quot;}\">\n\t\t\t<div class=\"elementor-widget-wrap elementor-element-populated\">\n\t\t\t\t\t\t<div class=\"elementor-element elementor-element-0b78569 elementor-widget elementor-widget-heading\" data-id=\"0b78569\" data-element_type=\"widget\" data-widget_type=\"heading.default\">\n\t\t\t\t<div class=\"elementor-widget-container\">\n\t\t\t<style>\/*! elementor - v3.23.0 - 05-08-2024 *\/\n.elementor-heading-title{padding:0;margin:0;line-height:1}.elementor-widget-heading .elementor-heading-title[class*=elementor-size-]>a{color:inherit;font-size:inherit;line-height:inherit}.elementor-widget-heading .elementor-heading-title.elementor-size-small{font-size:15px}.elementor-widget-heading .elementor-heading-title.elementor-size-medium{font-size:19px}.elementor-widget-heading .elementor-heading-title.elementor-size-large{font-size:29px}.elementor-widget-heading .elementor-heading-title.elementor-size-xl{font-size:39px}.elementor-widget-heading .elementor-heading-title.elementor-size-xxl{font-size:59px}<\/style><h1 class=\"elementor-heading-title elementor-size-default\">Know Your Client (KYC)-Richtlinie<\/h1>\t\t<\/div>\n\t\t\t\t<\/div>\n\t\t\t\t\t<\/div>\n\t\t<\/div>\n\t\t\t\t\t<\/div>\n\t\t<\/section>\n\t\t\t\t<section class=\"elementor-section elementor-top-section elementor-element elementor-element-a6886a9 elementor-section-boxed elementor-section-height-default elementor-section-height-default\" data-id=\"a6886a9\" data-element_type=\"section\">\n\t\t\t\t\t\t<div class=\"elementor-container elementor-column-gap-default\">\n\t\t\t\t\t<div class=\"elementor-column elementor-col-100 elementor-top-column elementor-element elementor-element-db7df9a\" data-id=\"db7df9a\" data-element_type=\"column\">\n\t\t\t<div class=\"elementor-widget-wrap elementor-element-populated\">\n\t\t\t\t\t\t<div class=\"elementor-element elementor-element-2a22f68 elementor-widget elementor-widget-text-editor\" data-id=\"2a22f68\" data-element_type=\"widget\" data-widget_type=\"text-editor.default\">\n\t\t\t\t<div class=\"elementor-widget-container\">\n\t\t\t<style>\/*! elementor - v3.23.0 - 05-08-2024 *\/\n.elementor-widget-text-editor.elementor-drop-cap-view-stacked .elementor-drop-cap{background-color:#69727d;color:#fff}.elementor-widget-text-editor.elementor-drop-cap-view-framed .elementor-drop-cap{color:#69727d;border:3px solid;background-color:transparent}.elementor-widget-text-editor:not(.elementor-drop-cap-view-default) .elementor-drop-cap{margin-top:8px}.elementor-widget-text-editor:not(.elementor-drop-cap-view-default) .elementor-drop-cap-letter{width:1em;height:1em}.elementor-widget-text-editor .elementor-drop-cap{float:left;text-align:center;line-height:1;font-size:50px}.elementor-widget-text-editor .elementor-drop-cap-letter{display:inline-block}<\/style>\t\t\t\t<p>Die Einhaltung der \u201eKnow Your Customer\u201c-Richtlinien hat f\u00fcr Unternehmen im Finanzsektor h\u00f6chste Priorit\u00e4t. Ziel dieser Richtlinie ist es, Identit\u00e4tsdiebstahl, Geldw\u00e4sche, Finanzbetrug und terroristische Aktivit\u00e4ten zu verhindern.<\/p><p>Zitadelle24 ist gegen\u00fcber Finanzbetrug absolut tolerant und ergreift alle notwendigen Pr\u00e4ventivma\u00dfnahmen zur Bek\u00e4mpfung verschiedener Arten von Finanzbetrug.<\/p><p>Jede betr\u00fcgerische Aktivit\u00e4t wird aufgezeichnet und dokumentiert; alle damit verbundenen Konten werden sofort geschlossen und die Guthaben auf diesen Konten eingefroren.<\/p><p>WARNUNG:<\/p><p>Zitadelle24 ist bestrebt, die Sicherheit aller vertraulichen Informationen, auf die das Unternehmen direkten Zugriff hat, zu gew\u00e4hrleisten. Dazu geh\u00f6ren die Handelskontodaten und die vom Kunden durchgef\u00fchrten Transaktionen, um die Sicherheit der pers\u00f6nlichen Daten des Kunden zu gew\u00e4hrleisten. Daher ist das Unternehmen verpflichtet, den Kunden zur strikten Einhaltung bestimmter Regeln zu verpflichten.<\/p><p>Bei Einzahlungen ben\u00f6tigt das Unternehmen folgende Dokumente:<\/p><p>Kopie eines g\u00fcltigen Reisepasses mit Unterschrift<\/p><p>Kopien der Zahlungskarten f\u00fcr die Einzahlung (Vorderseite mit den letzten vier Ziffern der Kontonummer, R\u00fcckseite mit CVV).<\/p><p>Eine Kopie der Rechnungen von Versorgungsunternehmen mit Name und Wohnadresse des Kunden muss vorgelegt werden.<\/p><p>Ein unterschriebener Online-Transaktionsverlauf.<\/p><p>WANN MUSS DER KUNDE DIE OBEN GENANNTEN DOKUMENTE VORLEGEN?<\/p><p>Zitadelle24 verlangt vom Kunden dringend, alle erforderlichen Dokumente vor Auszahlungen vom Handelskonto vorzulegen.<\/p><p>In manchen F\u00e4llen kann das Unternehmen diese Dokumente anfordern, bevor andere Aktivit\u00e4ten auf dem Handelskonto, wie z. B. Einzahlungen oder Handelsgesch\u00e4fte, zugelassen werden.<\/p><p>Bitte beachten Sie: Wenn der Kunde die erforderlichen Dokumente nicht an das Unternehmen sendet, werden Auszahlungsantr\u00e4ge storniert und die Gelder auf das Handelskonto des Kunden zur\u00fcckgebucht. In diesem Fall informiert das Unternehmen den Kunden \u00fcber das interne Nachrichtensystem.<\/p><p>WIE GENAU KANN DER KUNDE DIE ANGEFORDERTEN DOKUMENTE AN DAS UNTERNEHMEN SENDEN?<\/p><p>Scannen Sie Dokumente oder machen Sie hochaufl\u00f6sende Fotos. Speichern Sie die Bilder im JPEG-Format mit minimaler Komprimierung. Senden Sie anschlie\u00dfend alle Fotos an die Personalabteilung des Unternehmens.<\/p><p>GIBT ES GARANTIEN F\u00dcR DIE SICHERHEIT DER GESENDETEN DOKUMENTE?<\/p><p>Zitadelle24 geht sehr verantwortungsvoll mit dem Schutz pers\u00f6nlicher Dokumente um. An das Unternehmen gesendete Dokumente werden streng vertraulich behandelt. Alle eingehenden Dateien sind dank der h\u00f6chstm\u00f6glichen Verschl\u00fcsselung in jeder Phase der Dokumentenpr\u00fcfung vollst\u00e4ndig gesch\u00fctzt.<\/p>\t\t\t\t\t\t<\/div>\n\t\t\t\t<\/div>\n\t\t\t\t\t<\/div>\n\t\t<\/div>\n\t\t\t\t\t<\/div>\n\t\t<\/section>\n\t\t\t\t<\/div>\n\t\t","protected":false},"excerpt":{"rendered":"<p>Know Your Client (KYC)-Richtlinie Die Einhaltung der \u201eKnow Your Customer\u201c-Richtlinien hat f\u00fcr Unternehmen im Finanzsektor h\u00f6chste Priorit\u00e4t. Ziel dieser Richtlinie ist es, Identit\u00e4tsdiebstahl, Geldw\u00e4sche, Finanzbetrug und terroristische Aktivit\u00e4ten zu verhindern. Zitadelle24 ist gegen\u00fcber Finanzbetrug absolut tolerant und ergreift alle notwendigen Pr\u00e4ventivma\u00dfnahmen zur Bek\u00e4mpfung verschiedener Arten von Finanzbetrug. Jede betr\u00fcgerische Aktivit\u00e4t wird aufgezeichnet und dokumentiert; alle [&hellip;]<\/p>\n","protected":false},"author":1,"featured_media":0,"parent":0,"menu_order":0,"comment_status":"closed","ping_status":"closed","template":"elementor_canvas","meta":{"footnotes":""},"class_list":["post-10896","page","type-page","status-publish","hentry"],"_links":{"self":[{"href":"https:\/\/zitadelle24.com\/de\/wp-json\/wp\/v2\/pages\/10896","targetHints":{"allow":["GET"]}}],"collection":[{"href":"https:\/\/zitadelle24.com\/de\/wp-json\/wp\/v2\/pages"}],"about":[{"href":"https:\/\/zitadelle24.com\/de\/wp-json\/wp\/v2\/types\/page"}],"author":[{"embeddable":true,"href":"https:\/\/zitadelle24.com\/de\/wp-json\/wp\/v2\/users\/1"}],"replies":[{"embeddable":true,"href":"https:\/\/zitadelle24.com\/de\/wp-json\/wp\/v2\/comments?post=10896"}],"version-history":[{"count":3,"href":"https:\/\/zitadelle24.com\/de\/wp-json\/wp\/v2\/pages\/10896\/revisions"}],"predecessor-version":[{"id":10899,"href":"https:\/\/zitadelle24.com\/de\/wp-json\/wp\/v2\/pages\/10896\/revisions\/10899"}],"wp:attachment":[{"href":"https:\/\/zitadelle24.com\/de\/wp-json\/wp\/v2\/media?parent=10896"}],"curies":[{"name":"wp","href":"https:\/\/api.w.org\/{rel}","templated":true}]}}