{"id":10902,"date":"2025-06-05T11:05:55","date_gmt":"2025-06-05T10:05:55","guid":{"rendered":"https:\/\/zitadelle24.com\/?page_id=10902"},"modified":"2025-06-23T14:59:35","modified_gmt":"2025-06-23T13:59:35","slug":"glossary","status":"publish","type":"page","link":"https:\/\/zitadelle24.com\/de\/glossary\/","title":{"rendered":"Glossary"},"content":{"rendered":"\t\t<div data-elementor-type=\"wp-page\" data-elementor-id=\"10902\" class=\"elementor elementor-10902\" data-elementor-post-type=\"page\">\n\t\t\t\t\t\t<section class=\"elementor-section elementor-top-section elementor-element elementor-element-7687497 elementor-section-content-middle elementor-section-boxed elementor-section-height-default elementor-section-height-default\" data-id=\"7687497\" data-element_type=\"section\" data-settings=\"{&quot;background_background&quot;:&quot;classic&quot;}\">\n\t\t\t\t\t\t\t<div class=\"elementor-background-overlay\"><\/div>\n\t\t\t\t\t\t\t<div class=\"elementor-container elementor-column-gap-default\">\n\t\t\t\t\t<div class=\"elementor-column elementor-col-50 elementor-top-column elementor-element elementor-element-f56f7ec elementor-invisible\" data-id=\"f56f7ec\" data-element_type=\"column\" data-settings=\"{&quot;animation&quot;:&quot;fadeInLeft&quot;}\">\n\t\t\t<div class=\"elementor-widget-wrap elementor-element-populated\">\n\t\t\t\t\t\t<div class=\"elementor-element elementor-element-d09260a elementor-widget elementor-widget-heading\" data-id=\"d09260a\" data-element_type=\"widget\" data-widget_type=\"heading.default\">\n\t\t\t\t<div class=\"elementor-widget-container\">\n\t\t\t<style>\/*! elementor - v3.23.0 - 05-08-2024 *\/\n.elementor-heading-title{padding:0;margin:0;line-height:1}.elementor-widget-heading .elementor-heading-title[class*=elementor-size-]>a{color:inherit;font-size:inherit;line-height:inherit}.elementor-widget-heading .elementor-heading-title.elementor-size-small{font-size:15px}.elementor-widget-heading .elementor-heading-title.elementor-size-medium{font-size:19px}.elementor-widget-heading .elementor-heading-title.elementor-size-large{font-size:29px}.elementor-widget-heading .elementor-heading-title.elementor-size-xl{font-size:39px}.elementor-widget-heading .elementor-heading-title.elementor-size-xxl{font-size:59px}<\/style><h1 class=\"elementor-heading-title elementor-size-default\">Glossar<\/h1>\t\t<\/div>\n\t\t\t\t<\/div>\n\t\t\t\t\t<\/div>\n\t\t<\/div>\n\t\t\t\t<div class=\"elementor-column elementor-col-50 elementor-top-column elementor-element elementor-element-ec1226d elementor-invisible\" data-id=\"ec1226d\" data-element_type=\"column\" data-settings=\"{&quot;animation&quot;:&quot;fadeInLeft&quot;}\">\n\t\t\t<div class=\"elementor-widget-wrap elementor-element-populated\">\n\t\t\t\t\t\t<div class=\"elementor-element elementor-element-cd193ff elementor-widget elementor-widget-image\" data-id=\"cd193ff\" data-element_type=\"widget\" data-widget_type=\"image.default\">\n\t\t\t\t<div class=\"elementor-widget-container\">\n\t\t\t<style>\/*! elementor - v3.23.0 - 05-08-2024 *\/\n.elementor-widget-image{text-align:center}.elementor-widget-image a{display:inline-block}.elementor-widget-image a img[src$=\".svg\"]{width:48px}.elementor-widget-image img{vertical-align:middle;display:inline-block}<\/style>\t\t\t\t\t\t\t\t\t\t<img fetchpriority=\"high\" decoding=\"async\" width=\"446\" height=\"447\" src=\"https:\/\/zitadelle24.com\/wp-content\/uploads\/import-me-2.png\" class=\"attachment-full size-full wp-image-10737\" alt=\"\" \/>\t\t\t\t\t\t\t\t\t\t\t\t\t<\/div>\n\t\t\t\t<\/div>\n\t\t\t\t\t<\/div>\n\t\t<\/div>\n\t\t\t\t\t<\/div>\n\t\t<\/section>\n\t\t\t\t<section class=\"elementor-section elementor-top-section elementor-element elementor-element-d310756 elementor-section-boxed elementor-section-height-default elementor-section-height-default\" data-id=\"d310756\" data-element_type=\"section\">\n\t\t\t\t\t\t<div class=\"elementor-container elementor-column-gap-default\">\n\t\t\t\t\t<div class=\"elementor-column elementor-col-100 elementor-top-column elementor-element elementor-element-d426a5e\" data-id=\"d426a5e\" data-element_type=\"column\">\n\t\t\t<div class=\"elementor-widget-wrap elementor-element-populated\">\n\t\t\t\t\t\t<div class=\"elementor-element elementor-element-e63a5aa elementor-widget elementor-widget-accordion\" data-id=\"e63a5aa\" data-element_type=\"widget\" data-widget_type=\"accordion.default\">\n\t\t\t\t<div class=\"elementor-widget-container\">\n\t\t\t<style>\/*! elementor - v3.23.0 - 05-08-2024 *\/\n.elementor-accordion{text-align:start}.elementor-accordion .elementor-accordion-item{border:1px solid #d5d8dc}.elementor-accordion .elementor-accordion-item+.elementor-accordion-item{border-top:none}.elementor-accordion .elementor-tab-title{margin:0;padding:15px 20px;font-weight:700;line-height:1;cursor:pointer;outline:none}.elementor-accordion .elementor-tab-title .elementor-accordion-icon{display:inline-block;width:1.5em}.elementor-accordion .elementor-tab-title .elementor-accordion-icon svg{width:1em;height:1em}.elementor-accordion .elementor-tab-title .elementor-accordion-icon.elementor-accordion-icon-right{float:right;text-align:right}.elementor-accordion .elementor-tab-title .elementor-accordion-icon.elementor-accordion-icon-left{float:left;text-align:left}.elementor-accordion .elementor-tab-title .elementor-accordion-icon .elementor-accordion-icon-closed{display:block}.elementor-accordion .elementor-tab-title .elementor-accordion-icon .elementor-accordion-icon-opened,.elementor-accordion .elementor-tab-title.elementor-active .elementor-accordion-icon-closed{display:none}.elementor-accordion .elementor-tab-title.elementor-active .elementor-accordion-icon-opened{display:block}.elementor-accordion .elementor-tab-content{display:none;padding:15px 20px;border-top:1px solid #d5d8dc}@media (max-width:767px){.elementor-accordion .elementor-tab-title{padding:12px 15px}.elementor-accordion .elementor-tab-title .elementor-accordion-icon{width:1.2em}.elementor-accordion .elementor-tab-content{padding:7px 15px}}.e-con-inner>.elementor-widget-accordion,.e-con>.elementor-widget-accordion{width:var(--container-widget-width);--flex-grow:var(--container-widget-flex-grow)}<\/style>\t\t<div class=\"elementor-accordion\">\n\t\t\t\t\t\t\t<div class=\"elementor-accordion-item\">\n\t\t\t\t\t<div id=\"elementor-tab-title-2411\" class=\"elementor-tab-title\" data-tab=\"1\" role=\"button\" aria-controls=\"elementor-tab-content-2411\" aria-expanded=\"false\">\n\t\t\t\t\t\t\t\t\t\t\t\t<a class=\"elementor-accordion-title\" tabindex=\"0\">A<\/a>\n\t\t\t\t\t<\/div>\n\t\t\t\t\t<div id=\"elementor-tab-content-2411\" class=\"elementor-tab-content elementor-clearfix\" data-tab=\"1\" role=\"region\" aria-labelledby=\"elementor-tab-title-2411\"><p><strong>AML<\/strong><br \/>Anti-Geldw\u00e4sche-Richtlinien und Verfahren sind darauf ausgelegt, zu verhindern, dass Kriminelle unrechtm\u00e4\u00dfig erworbene Gelder verschleiern..<\/p><p><strong>Verm\u00f6genswerte<\/strong><br \/>Ein Finanzinstrument, das zwischen Investoren ausgetauscht werden kann.<\/p><p><strong>Ask-Preis<\/strong><br \/>Der Ask-Preis ist der Preis, zu dem ein Verk\u00e4ufer bereit ist, ein Angebot anzunehmen.<\/p><p><strong>Analyse<\/strong><br \/>Eine umfassende Bewertung der Bestandteile oder Struktur des Marktes. Typischerweise durch technische und fundamentale Analyse durchgef\u00fchrt.<\/p><\/div>\n\t\t\t\t<\/div>\n\t\t\t\t\t\t\t<div class=\"elementor-accordion-item\">\n\t\t\t\t\t<div id=\"elementor-tab-title-2412\" class=\"elementor-tab-title\" data-tab=\"2\" role=\"button\" aria-controls=\"elementor-tab-content-2412\" aria-expanded=\"false\">\n\t\t\t\t\t\t\t\t\t\t\t\t<a class=\"elementor-accordion-title\" tabindex=\"0\">B<\/a>\n\t\t\t\t\t<\/div>\n\t\t\t\t\t<div id=\"elementor-tab-content-2412\" class=\"elementor-tab-content elementor-clearfix\" data-tab=\"2\" role=\"region\" aria-labelledby=\"elementor-tab-title-2412\"><p><strong>Bid-Preis<\/strong><br \/>Der Bid-Preis ist der Preis, zu dem Marktteilnehmer bereit sind, Assets zu kaufen.<\/p><p><strong>Bonds<\/strong><br \/>Ein Bond ist ein Finanzinstrument, das von Regierungen und privaten Einrichtungen genutzt wird, um Geld von der \u00d6ffentlichkeit zu leihen und es \u00fcber einen bestimmten Zeitraum mit Zinsen zur\u00fcckzuzahlen.<\/p><p><strong>Bankrott<\/strong><br \/>Bankrott ist ein rechtlicher Prozess, der stattfindet, wenn ein Unternehmen aufgrund von Einnahmeverlusten, erh\u00f6hten Ausgaben oder sogar einer unerwarteten finanziellen Katastrophe seine Schulden nicht zur\u00fcckzahlen kann.<\/p><\/div>\n\t\t\t\t<\/div>\n\t\t\t\t\t\t\t<div class=\"elementor-accordion-item\">\n\t\t\t\t\t<div id=\"elementor-tab-title-2413\" class=\"elementor-tab-title\" data-tab=\"3\" role=\"button\" aria-controls=\"elementor-tab-content-2413\" aria-expanded=\"false\">\n\t\t\t\t\t\t\t\t\t\t\t\t<a class=\"elementor-accordion-title\" tabindex=\"0\">C<\/a>\n\t\t\t\t\t<\/div>\n\t\t\t\t\t<div id=\"elementor-tab-content-2413\" class=\"elementor-tab-content elementor-clearfix\" data-tab=\"3\" role=\"region\" aria-labelledby=\"elementor-tab-title-2413\"><div class=\"widget-accordion__item\"><div class=\"widget-accordion__content-wrap\"><div class=\"widget-accordion__content\"><p><strong>Candlestick-Chart<\/strong><br \/>Ein Candlestick-Chart zeigt die Er\u00f6ffnungs- und Schlusskurse sowie die Hochs und Tiefs des Preisbereichs f\u00fcr einen bestimmten Zeitraum an.<\/p><p><strong>Contracts<\/strong><br \/>Contracts sind das Volumen der Transaktionen auf dem Finanzhandelsmarkt. Der Vertrag kann je nach Markt und Asset unterschiedlich bewertet werden. W\u00e4hrungskontrakte werden beispielsweise in Lots abgeschlossen, Gold jedoch in Unzen gehandelt.<\/p><p><strong>W\u00e4hrungspaare<\/strong><br \/>Der Kurs, zu dem zwei W\u00e4hrungen getauscht werden. W\u00e4hrungspaare werden in sieben Kategorien unterteilt: Major, Minor und Exotic.<\/p><p><strong>CFDs<\/strong><br \/>Contract for Difference ist die Abk\u00fcrzung f\u00fcr Differenzkontrakt. CFDs sind handelbare Finanzderivate, die es Investoren erm\u00f6glichen, auf den Markt zu spekulieren, ohne das zugrunde liegende Asset tats\u00e4chlich zu besitzen. Typischerweise werden CFDs mit Hebel gehandelt.<\/p><\/div><\/div><\/div><\/div>\n\t\t\t\t<\/div>\n\t\t\t\t\t\t\t<div class=\"elementor-accordion-item\">\n\t\t\t\t\t<div id=\"elementor-tab-title-2414\" class=\"elementor-tab-title\" data-tab=\"4\" role=\"button\" aria-controls=\"elementor-tab-content-2414\" aria-expanded=\"false\">\n\t\t\t\t\t\t\t\t\t\t\t\t<a class=\"elementor-accordion-title\" tabindex=\"0\">D<\/a>\n\t\t\t\t\t<\/div>\n\t\t\t\t\t<div id=\"elementor-tab-content-2414\" class=\"elementor-tab-content elementor-clearfix\" data-tab=\"4\" role=\"region\" aria-labelledby=\"elementor-tab-title-2414\"><div class=\"widget-accordion__item\"><div class=\"widget-accordion__content-wrap\"><div class=\"widget-accordion__content\"><p><strong>Day Trading<\/strong><br \/>Day Trading ist ein Handelsansatz, bei dem Gesch\u00e4fte innerhalb des gleichen Handelstages abgeschlossen werden. Eine der Vorteile des Day Tradings ist die Vermeidung von B\u00f6rsengeb\u00fchren..<\/p><p><strong>Dezentralisiert<\/strong><br \/>Dies bedeutet, dass keine Organisation wie eine Zentralbank oder eine zentrale B\u00f6rse das Asset oder den Markt kontrolliert. Digitale W\u00e4hrungen sind ein dezentralisierter Markt, da sie auf Blockchain-Technologie basieren, wodurch jeder Investor eine Kopie der Blockchain besitzt.<\/p><\/div><\/div><\/div><\/div>\n\t\t\t\t<\/div>\n\t\t\t\t\t\t\t<div class=\"elementor-accordion-item\">\n\t\t\t\t\t<div id=\"elementor-tab-title-2415\" class=\"elementor-tab-title\" data-tab=\"5\" role=\"button\" aria-controls=\"elementor-tab-content-2415\" aria-expanded=\"false\">\n\t\t\t\t\t\t\t\t\t\t\t\t<a class=\"elementor-accordion-title\" tabindex=\"0\">F<\/a>\n\t\t\t\t\t<\/div>\n\t\t\t\t\t<div id=\"elementor-tab-content-2415\" class=\"elementor-tab-content elementor-clearfix\" data-tab=\"5\" role=\"region\" aria-labelledby=\"elementor-tab-title-2415\"><div class=\"widget-accordion__item\"><div class=\"widget-accordion__content-wrap\"><div class=\"widget-accordion__content\"><p><strong>Fundamentalanalyse<\/strong><br \/>Fundamentalanalyse ist eine Methode der Marktanalyse, die darauf abzielt, wie wirtschaftliche Daten und Ereignisse das Angebot und die Nachfrage nach einem Asset beeinflussen und somit den Preis bestimmen.<\/p><p><strong>Futures<\/strong><br \/>Futures sind derivative Instrumente, was bedeutet, dass Trader auf Preisfluktuationen spekulieren, ohne das zugrunde liegende Asset zu besitzen.<\/p><\/div><\/div><\/div><\/div>\n\t\t\t\t<\/div>\n\t\t\t\t\t\t\t<div class=\"elementor-accordion-item\">\n\t\t\t\t\t<div id=\"elementor-tab-title-2416\" class=\"elementor-tab-title\" data-tab=\"6\" role=\"button\" aria-controls=\"elementor-tab-content-2416\" aria-expanded=\"false\">\n\t\t\t\t\t\t\t\t\t\t\t\t<a class=\"elementor-accordion-title\" tabindex=\"0\">H<\/a>\n\t\t\t\t\t<\/div>\n\t\t\t\t\t<div id=\"elementor-tab-content-2416\" class=\"elementor-tab-content elementor-clearfix\" data-tab=\"6\" role=\"region\" aria-labelledby=\"elementor-tab-title-2416\"><p><strong>Hammer-Kerzenstab<\/strong><br \/>Bezieht sich auf eine Kerze mit einem kleinen K\u00f6rper und einem langen Schwanz oder Schatten.<\/p><\/div>\n\t\t\t\t<\/div>\n\t\t\t\t\t\t\t<div class=\"elementor-accordion-item\">\n\t\t\t\t\t<div id=\"elementor-tab-title-2417\" class=\"elementor-tab-title\" data-tab=\"7\" role=\"button\" aria-controls=\"elementor-tab-content-2417\" aria-expanded=\"false\">\n\t\t\t\t\t\t\t\t\t\t\t\t<a class=\"elementor-accordion-title\" tabindex=\"0\">I<\/a>\n\t\t\t\t\t<\/div>\n\t\t\t\t\t<div id=\"elementor-tab-content-2417\" class=\"elementor-tab-content elementor-clearfix\" data-tab=\"7\" role=\"region\" aria-labelledby=\"elementor-tab-title-2417\"><div class=\"widget-accordion__item\"><div class=\"widget-accordion__content-wrap\"><div class=\"widget-accordion__content\"><p><strong>Initial Margin<\/strong><br \/>Dies ist das erforderliche Mindestkapital, um eine Handelsposition auf dem Markt zu er\u00f6ffnen. Typischerweise verbunden mit gehebelten Produkten.<\/p><p><strong>Interbankenmarkt<\/strong><br \/>Der Interbankenmarkt ist ein weltweites Netzwerk, das haupts\u00e4chlich von Finanzinstituten genutzt wird, um W\u00e4hrungen und andere Devisenderivate auszutauschen.<\/p><\/div><\/div><\/div><\/div>\n\t\t\t\t<\/div>\n\t\t\t\t\t\t\t<div class=\"elementor-accordion-item\">\n\t\t\t\t\t<div id=\"elementor-tab-title-2418\" class=\"elementor-tab-title\" data-tab=\"8\" role=\"button\" aria-controls=\"elementor-tab-content-2418\" aria-expanded=\"false\">\n\t\t\t\t\t\t\t\t\t\t\t\t<a class=\"elementor-accordion-title\" tabindex=\"0\">J<\/a>\n\t\t\t\t\t<\/div>\n\t\t\t\t\t<div id=\"elementor-tab-content-2418\" class=\"elementor-tab-content elementor-clearfix\" data-tab=\"8\" role=\"region\" aria-labelledby=\"elementor-tab-title-2418\"><p><strong>Japanische Kerzenst\u00e4be<\/strong><br \/>Eine Art, die die Er\u00f6ffnungs-, Schluss-, Hoch- und Tiefpreise best\u00e4tigt.<\/p><\/div>\n\t\t\t\t<\/div>\n\t\t\t\t\t\t\t<div class=\"elementor-accordion-item\">\n\t\t\t\t\t<div id=\"elementor-tab-title-2419\" class=\"elementor-tab-title\" data-tab=\"9\" role=\"button\" aria-controls=\"elementor-tab-content-2419\" aria-expanded=\"false\">\n\t\t\t\t\t\t\t\t\t\t\t\t<a class=\"elementor-accordion-title\" tabindex=\"0\">K<\/a>\n\t\t\t\t\t<\/div>\n\t\t\t\t\t<div id=\"elementor-tab-content-2419\" class=\"elementor-tab-content elementor-clearfix\" data-tab=\"9\" role=\"region\" aria-labelledby=\"elementor-tab-title-2419\"><p><strong>KYC<\/strong><br \/>Ein Verfahren zur offiziellen Identifizierung Ihres Kunden gem\u00e4\u00df lokaler Vorschriften, entweder vor oder gleichzeitig mit dem Zeitpunkt, an dem sie Gesch\u00e4fte mit Ihnen beginnen. Dies geschieht oft durch Vorlage von Identifikations- und Adressnachweisen.<\/p><\/div>\n\t\t\t\t<\/div>\n\t\t\t\t\t\t\t<div class=\"elementor-accordion-item\">\n\t\t\t\t\t<div id=\"elementor-tab-title-24110\" class=\"elementor-tab-title\" data-tab=\"10\" role=\"button\" aria-controls=\"elementor-tab-content-24110\" aria-expanded=\"false\">\n\t\t\t\t\t\t\t\t\t\t\t\t<a class=\"elementor-accordion-title\" tabindex=\"0\">L<\/a>\n\t\t\t\t\t<\/div>\n\t\t\t\t\t<div id=\"elementor-tab-content-24110\" class=\"elementor-tab-content elementor-clearfix\" data-tab=\"10\" role=\"region\" aria-labelledby=\"elementor-tab-title-24110\"><h5>Lot<\/h5><p>When trading foreign currency, a lot refers to the magnitude of the deal. A Lot is equivalent to 100,000.<\/p><h5>Leverage<\/h5><p>Leverage occurs when a broker raises your purchasing power, allowing you to trade bigger amounts with a fraction of the cash necessary. This raises both the possibility and the danger.<\/p><\/div>\n\t\t\t\t<\/div>\n\t\t\t\t\t\t\t<div class=\"elementor-accordion-item\">\n\t\t\t\t\t<div id=\"elementor-tab-title-24111\" class=\"elementor-tab-title\" data-tab=\"11\" role=\"button\" aria-controls=\"elementor-tab-content-24111\" aria-expanded=\"false\">\n\t\t\t\t\t\t\t\t\t\t\t\t<a class=\"elementor-accordion-title\" tabindex=\"0\">M<\/a>\n\t\t\t\t\t<\/div>\n\t\t\t\t\t<div id=\"elementor-tab-content-24111\" class=\"elementor-tab-content elementor-clearfix\" data-tab=\"11\" role=\"region\" aria-labelledby=\"elementor-tab-title-24111\"><p><strong>Margin Call<\/strong><br \/>Dies ist eine Benachrichtigung, die H\u00e4ndler erhalten, wenn ihr Konto unter das erforderliche Mindestkapital f\u00e4llt. Dies gibt den H\u00e4ndlern die M\u00f6glichkeit zu handeln, bevor das Minimum erreicht ist. Wenn das Minimum erreicht ist, beginnt die Plattform automatisch, Deals zu schlie\u00dfen.<\/p><p><strong>Investmentfonds<\/strong><br \/>Eine gesammelte Investition, bei der der Fonds versucht, sein Risiko \u00fcber mehrere Verm\u00f6genswerte und M\u00e4rkte zu diversifizierer<\/p><\/div>\n\t\t\t\t<\/div>\n\t\t\t\t\t\t\t<div class=\"elementor-accordion-item\">\n\t\t\t\t\t<div id=\"elementor-tab-title-24112\" class=\"elementor-tab-title\" data-tab=\"12\" role=\"button\" aria-controls=\"elementor-tab-content-24112\" aria-expanded=\"false\">\n\t\t\t\t\t\t\t\t\t\t\t\t<a class=\"elementor-accordion-title\" tabindex=\"0\">O<\/a>\n\t\t\t\t\t<\/div>\n\t\t\t\t\t<div id=\"elementor-tab-content-24112\" class=\"elementor-tab-content elementor-clearfix\" data-tab=\"12\" role=\"region\" aria-labelledby=\"elementor-tab-title-24112\"><p><strong>Optionen<\/strong><br \/>Ein derivatives Produkt, bei dem Sie auf die Preisbewegung eines Gegenstands spekulieren k\u00f6nnen, ohne ihn tats\u00e4chlich zu besitzen.<\/p><p><strong>OTC<\/strong><br \/>OTC steht f\u00fcr Over-the-Counter. Bezieht sich auf Anlageg\u00fcter, die oft \u00fcber einen Broker oder eine andere Art von Vermittler gehandelt werden.<\/p><\/div>\n\t\t\t\t<\/div>\n\t\t\t\t\t\t\t<div class=\"elementor-accordion-item\">\n\t\t\t\t\t<div id=\"elementor-tab-title-24113\" class=\"elementor-tab-title\" data-tab=\"13\" role=\"button\" aria-controls=\"elementor-tab-content-24113\" aria-expanded=\"false\">\n\t\t\t\t\t\t\t\t\t\t\t\t<a class=\"elementor-accordion-title\" tabindex=\"0\">P<\/a>\n\t\t\t\t\t<\/div>\n\t\t\t\t\t<div id=\"elementor-tab-content-24113\" class=\"elementor-tab-content elementor-clearfix\" data-tab=\"13\" role=\"region\" aria-labelledby=\"elementor-tab-title-24113\"><p><strong>Pip<\/strong><br \/>Nach dem Dezimalpunkt folgt die vierte Ziffer. Bekannt als der zentrale Punkt der Bewegung in einem W\u00e4hrungsumtausch.<\/p><p><strong>Pair<\/strong><br \/>Der Wert einer W\u00e4hrung im Verh\u00e4ltnis zu einer anderen.<\/p><p><strong>Pivot Point<\/strong><br \/>Der Punkt, an dem sich der Preis eines Assets \u00e4ndert, der als Unterst\u00fctzungs- oder Widerstandsniveau fungieren kann.<\/p><\/div>\n\t\t\t\t<\/div>\n\t\t\t\t\t\t\t<div class=\"elementor-accordion-item\">\n\t\t\t\t\t<div id=\"elementor-tab-title-24114\" class=\"elementor-tab-title\" data-tab=\"14\" role=\"button\" aria-controls=\"elementor-tab-content-24114\" aria-expanded=\"false\">\n\t\t\t\t\t\t\t\t\t\t\t\t<a class=\"elementor-accordion-title\" tabindex=\"0\">S<\/a>\n\t\t\t\t\t<\/div>\n\t\t\t\t\t<div id=\"elementor-tab-content-24114\" class=\"elementor-tab-content elementor-clearfix\" data-tab=\"14\" role=\"region\" aria-labelledby=\"elementor-tab-title-24114\"><p><strong>Slippage<\/strong><br \/>Wenn ein Deal zu einem Preis er\u00f6ffnet wird, der sich vom festgelegten Preis unterscheidet, oft aufgrund hoher Volatilit\u00e4t.<\/p><p><strong>Swap<\/strong><br \/>Eine \u00dcbernachtgeb\u00fchr pro Trade.<\/p><p><strong>Swing Trading<\/strong><br \/>Swing Trading ist eine kurzfristige Handelsmethode, bei der der Trader von Marktfluktuationen profitiert, die l\u00e4nger als ein Tag, aber weniger als eine Woche dauern.<\/p><p><strong>Scalping<\/strong><br \/>Eine Handelsstrategie, die sich auf sehr kurzfristige Investitionen konzentriert.<\/p><\/div>\n\t\t\t\t<\/div>\n\t\t\t\t\t\t\t<div class=\"elementor-accordion-item\">\n\t\t\t\t\t<div id=\"elementor-tab-title-24115\" class=\"elementor-tab-title\" data-tab=\"15\" role=\"button\" aria-controls=\"elementor-tab-content-24115\" aria-expanded=\"false\">\n\t\t\t\t\t\t\t\t\t\t\t\t<a class=\"elementor-accordion-title\" tabindex=\"0\">T<\/a>\n\t\t\t\t\t<\/div>\n\t\t\t\t\t<div id=\"elementor-tab-content-24115\" class=\"elementor-tab-content elementor-clearfix\" data-tab=\"15\" role=\"region\" aria-labelledby=\"elementor-tab-title-24115\"><p><strong>Take Profit<\/strong><br \/>Eine Stop-Loss-Order, die platziert wird, wenn der Markt sich zu Ihren Gunsten bewegt und einen bestimmten Preis erreicht. Wird verwendet, um Gewinne abzusichern.<\/p><p><strong>Trend<\/strong><br \/>Die Preisbewegung eines Assets in eine einzige Richtung.<\/p><p><strong>Technische Analyse<\/strong><br \/>Die Bewegung des Preises, die Charts und technische Indikatoren werden analysiert.<\/p><p><strong>Technische Indikatoren<\/strong><br \/>Ein Indikator wird mit mathematischen Berechnungen basierend auf Preisbewegungen, Momentum und historischen Mustern auf das Diagramm gesetzt, um dem Benutzer zus\u00e4tzliche Handelssignale zu liefern.<\/p><\/div>\n\t\t\t\t<\/div>\n\t\t\t\t\t\t\t<div class=\"elementor-accordion-item\">\n\t\t\t\t\t<div id=\"elementor-tab-title-24116\" class=\"elementor-tab-title\" data-tab=\"16\" role=\"button\" aria-controls=\"elementor-tab-content-24116\" aria-expanded=\"false\">\n\t\t\t\t\t\t\t\t\t\t\t\t<a class=\"elementor-accordion-title\" tabindex=\"0\">V<\/a>\n\t\t\t\t\t<\/div>\n\t\t\t\t\t<div id=\"elementor-tab-content-24116\" class=\"elementor-tab-content elementor-clearfix\" data-tab=\"16\" role=\"region\" aria-labelledby=\"elementor-tab-title-24116\"><p><strong>Volatilit\u00e4t<\/strong><br \/>The amount by which the price of an asset or currency changes.\u201d =&gt; \u201cDas Ausma\u00df, in dem sich der Preis eines Assets oder einer W\u00e4hrung \u00e4ndert.<\/p><\/div>\n\t\t\t\t<\/div>\n\t\t\t\t\t\t\t\t<\/div>\n\t\t\t\t<\/div>\n\t\t\t\t<\/div>\n\t\t\t\t\t<\/div>\n\t\t<\/div>\n\t\t\t\t\t<\/div>\n\t\t<\/section>\n\t\t\t\t<\/div>\n\t\t","protected":false},"excerpt":{"rendered":"<p>Glossar A AMLAnti-Geldw\u00e4sche-Richtlinien und Verfahren sind darauf ausgelegt, zu verhindern, dass Kriminelle unrechtm\u00e4\u00dfig erworbene Gelder verschleiern.. Verm\u00f6genswerteEin Finanzinstrument, das zwischen Investoren ausgetauscht werden kann. Ask-PreisDer Ask-Preis ist der Preis, zu dem ein Verk\u00e4ufer bereit ist, ein Angebot anzunehmen. AnalyseEine umfassende Bewertung der Bestandteile oder Struktur des Marktes. Typischerweise durch technische und fundamentale Analyse durchgef\u00fchrt. B [&hellip;]<\/p>\n","protected":false},"author":1,"featured_media":0,"parent":0,"menu_order":0,"comment_status":"closed","ping_status":"closed","template":"elementor_canvas","meta":{"footnotes":""},"class_list":["post-10902","page","type-page","status-publish","hentry"],"_links":{"self":[{"href":"https:\/\/zitadelle24.com\/de\/wp-json\/wp\/v2\/pages\/10902","targetHints":{"allow":["GET"]}}],"collection":[{"href":"https:\/\/zitadelle24.com\/de\/wp-json\/wp\/v2\/pages"}],"about":[{"href":"https:\/\/zitadelle24.com\/de\/wp-json\/wp\/v2\/types\/page"}],"author":[{"embeddable":true,"href":"https:\/\/zitadelle24.com\/de\/wp-json\/wp\/v2\/users\/1"}],"replies":[{"embeddable":true,"href":"https:\/\/zitadelle24.com\/de\/wp-json\/wp\/v2\/comments?post=10902"}],"version-history":[{"count":9,"href":"https:\/\/zitadelle24.com\/de\/wp-json\/wp\/v2\/pages\/10902\/revisions"}],"predecessor-version":[{"id":11117,"href":"https:\/\/zitadelle24.com\/de\/wp-json\/wp\/v2\/pages\/10902\/revisions\/11117"}],"wp:attachment":[{"href":"https:\/\/zitadelle24.com\/de\/wp-json\/wp\/v2\/media?parent=10902"}],"curies":[{"name":"wp","href":"https:\/\/api.w.org\/{rel}","templated":true}]}}