{"id":10908,"date":"2025-06-05T10:18:41","date_gmt":"2025-06-05T09:18:41","guid":{"rendered":"https:\/\/zitadelle24.com\/?page_id=10908"},"modified":"2025-06-23T14:50:17","modified_gmt":"2025-06-23T13:50:17","slug":"goods","status":"publish","type":"page","link":"https:\/\/zitadelle24.com\/de\/goods\/","title":{"rendered":"Goods"},"content":{"rendered":"\t\t<div data-elementor-type=\"wp-page\" data-elementor-id=\"10908\" class=\"elementor elementor-10908\" data-elementor-post-type=\"page\">\n\t\t\t\t\t\t<section class=\"elementor-section elementor-top-section elementor-element elementor-element-a4cc8e4 elementor-section-content-middle elementor-section-boxed elementor-section-height-default elementor-section-height-default\" data-id=\"a4cc8e4\" data-element_type=\"section\" data-settings=\"{&quot;background_background&quot;:&quot;classic&quot;}\">\n\t\t\t\t\t\t\t<div class=\"elementor-background-overlay\"><\/div>\n\t\t\t\t\t\t\t<div class=\"elementor-container elementor-column-gap-default\">\n\t\t\t\t\t<div class=\"elementor-column elementor-col-50 elementor-top-column elementor-element elementor-element-701a851 elementor-invisible\" data-id=\"701a851\" data-element_type=\"column\" data-settings=\"{&quot;animation&quot;:&quot;fadeInLeft&quot;}\">\n\t\t\t<div class=\"elementor-widget-wrap elementor-element-populated\">\n\t\t\t\t\t\t<div class=\"elementor-element elementor-element-59e1231 elementor-widget elementor-widget-heading\" data-id=\"59e1231\" data-element_type=\"widget\" data-widget_type=\"heading.default\">\n\t\t\t\t<div class=\"elementor-widget-container\">\n\t\t\t<style>\/*! elementor - v3.23.0 - 05-08-2024 *\/\n.elementor-heading-title{padding:0;margin:0;line-height:1}.elementor-widget-heading .elementor-heading-title[class*=elementor-size-]>a{color:inherit;font-size:inherit;line-height:inherit}.elementor-widget-heading .elementor-heading-title.elementor-size-small{font-size:15px}.elementor-widget-heading .elementor-heading-title.elementor-size-medium{font-size:19px}.elementor-widget-heading .elementor-heading-title.elementor-size-large{font-size:29px}.elementor-widget-heading .elementor-heading-title.elementor-size-xl{font-size:39px}.elementor-widget-heading .elementor-heading-title.elementor-size-xxl{font-size:59px}<\/style><h1 class=\"elementor-heading-title elementor-size-default\">Waren<\/h1>\t\t<\/div>\n\t\t\t\t<\/div>\n\t\t\t\t<div class=\"elementor-element elementor-element-1c8f646 elementor-widget__width-inherit elementor-widget elementor-widget-text-editor\" data-id=\"1c8f646\" data-element_type=\"widget\" data-widget_type=\"text-editor.default\">\n\t\t\t\t<div class=\"elementor-widget-container\">\n\t\t\t<style>\/*! elementor - v3.23.0 - 05-08-2024 *\/\n.elementor-widget-text-editor.elementor-drop-cap-view-stacked .elementor-drop-cap{background-color:#69727d;color:#fff}.elementor-widget-text-editor.elementor-drop-cap-view-framed .elementor-drop-cap{color:#69727d;border:3px solid;background-color:transparent}.elementor-widget-text-editor:not(.elementor-drop-cap-view-default) .elementor-drop-cap{margin-top:8px}.elementor-widget-text-editor:not(.elementor-drop-cap-view-default) .elementor-drop-cap-letter{width:1em;height:1em}.elementor-widget-text-editor .elementor-drop-cap{float:left;text-align:center;line-height:1;font-size:50px}.elementor-widget-text-editor .elementor-drop-cap-letter{display:inline-block}<\/style>\t\t\t\t<p>Investieren Sie in den weltgr\u00f6\u00dften Devisenmarkt mit mehr als 150 W\u00e4hrungspaaren, unterst\u00fctzt durch leistungsstarke Trading-Tools und 24 Stunden Live-Support.<\/p>\t\t\t\t\t\t<\/div>\n\t\t\t\t<\/div>\n\t\t\t\t<div class=\"elementor-element elementor-element-f338340 elementor-widget__width-auto elementor-widget elementor-widget-button\" data-id=\"f338340\" data-element_type=\"widget\" data-widget_type=\"button.default\">\n\t\t\t\t<div class=\"elementor-widget-container\">\n\t\t\t\t\t<div class=\"elementor-button-wrapper\">\n\t\t\t<a class=\"elementor-button elementor-button-link elementor-size-lg\" href=\"https:\/\/zitadelle24.com\/de\/sign-up\/\">\n\t\t\t\t\t\t<span class=\"elementor-button-content-wrapper\">\n\t\t\t\t\t\t\t\t\t<span class=\"elementor-button-text\"> Handel beginnen<\/span>\n\t\t\t\t\t<\/span>\n\t\t\t\t\t<\/a>\n\t\t<\/div>\n\t\t\t\t<\/div>\n\t\t\t\t<\/div>\n\t\t\t\t\t<\/div>\n\t\t<\/div>\n\t\t\t\t<div class=\"elementor-column elementor-col-50 elementor-top-column elementor-element elementor-element-bbdadc6 elementor-invisible\" data-id=\"bbdadc6\" data-element_type=\"column\" data-settings=\"{&quot;animation&quot;:&quot;fadeInLeft&quot;}\">\n\t\t\t<div class=\"elementor-widget-wrap elementor-element-populated\">\n\t\t\t\t\t\t<div class=\"elementor-element elementor-element-3f44796 elementor-widget elementor-widget-image\" data-id=\"3f44796\" data-element_type=\"widget\" data-widget_type=\"image.default\">\n\t\t\t\t<div class=\"elementor-widget-container\">\n\t\t\t<style>\/*! elementor - v3.23.0 - 05-08-2024 *\/\n.elementor-widget-image{text-align:center}.elementor-widget-image a{display:inline-block}.elementor-widget-image a img[src$=\".svg\"]{width:48px}.elementor-widget-image img{vertical-align:middle;display:inline-block}<\/style>\t\t\t\t\t\t\t\t\t\t<img fetchpriority=\"high\" decoding=\"async\" width=\"446\" height=\"447\" src=\"https:\/\/zitadelle24.com\/wp-content\/uploads\/import-me.png\" class=\"attachment-full size-full wp-image-10721\" alt=\"\" \/>\t\t\t\t\t\t\t\t\t\t\t\t\t<\/div>\n\t\t\t\t<\/div>\n\t\t\t\t\t<\/div>\n\t\t<\/div>\n\t\t\t\t\t<\/div>\n\t\t<\/section>\n\t\t\t\t<section class=\"elementor-section elementor-top-section elementor-element elementor-element-59c3a58 elementor-section-full_width elementor-section-height-default elementor-section-height-default\" data-id=\"59c3a58\" data-element_type=\"section\" data-settings=\"{&quot;background_background&quot;:&quot;classic&quot;}\">\n\t\t\t\t\t\t<div class=\"elementor-container elementor-column-gap-default\">\n\t\t\t\t\t<div class=\"elementor-column elementor-col-100 elementor-top-column elementor-element elementor-element-a8d1aac\" data-id=\"a8d1aac\" data-element_type=\"column\" data-settings=\"{&quot;background_background&quot;:&quot;classic&quot;}\">\n\t\t\t<div class=\"elementor-widget-wrap elementor-element-populated\">\n\t\t\t\t\t\t<section class=\"elementor-section elementor-inner-section elementor-element elementor-element-5179934 elementor-section-boxed elementor-section-height-default elementor-section-height-default\" data-id=\"5179934\" data-element_type=\"section\">\n\t\t\t\t\t\t<div class=\"elementor-container elementor-column-gap-default\">\n\t\t\t\t\t<div class=\"elementor-column elementor-col-25 elementor-inner-column elementor-element elementor-element-103a37d\" data-id=\"103a37d\" data-element_type=\"column\">\n\t\t\t<div class=\"elementor-widget-wrap elementor-element-populated\">\n\t\t\t\t\t\t<div class=\"elementor-element elementor-element-fe3c597 elementor-widget elementor-widget-image\" data-id=\"fe3c597\" data-element_type=\"widget\" data-widget_type=\"image.default\">\n\t\t\t\t<div class=\"elementor-widget-container\">\n\t\t\t\t\t\t\t\t\t\t\t\t\t<img decoding=\"async\" width=\"185\" height=\"38\" src=\"https:\/\/zitadelle24.com\/wp-content\/uploads\/Mask-group-4-1.png\" class=\"attachment-large size-large wp-image-9394\" alt=\"\" \/>\t\t\t\t\t\t\t\t\t\t\t\t\t<\/div>\n\t\t\t\t<\/div>\n\t\t\t\t\t<\/div>\n\t\t<\/div>\n\t\t\t\t<div class=\"elementor-column elementor-col-25 elementor-inner-column elementor-element elementor-element-73a0d93\" data-id=\"73a0d93\" data-element_type=\"column\">\n\t\t\t<div class=\"elementor-widget-wrap elementor-element-populated\">\n\t\t\t\t\t\t<div class=\"elementor-element elementor-element-43f6e59 elementor-widget elementor-widget-image\" data-id=\"43f6e59\" data-element_type=\"widget\" data-widget_type=\"image.default\">\n\t\t\t\t<div class=\"elementor-widget-container\">\n\t\t\t\t\t\t\t\t\t\t\t\t\t<img decoding=\"async\" width=\"188\" height=\"38\" src=\"https:\/\/zitadelle24.com\/wp-content\/uploads\/Mask-group-3-1.png\" class=\"attachment-large size-large wp-image-9395\" alt=\"\" \/>\t\t\t\t\t\t\t\t\t\t\t\t\t<\/div>\n\t\t\t\t<\/div>\n\t\t\t\t\t<\/div>\n\t\t<\/div>\n\t\t\t\t<div class=\"elementor-column elementor-col-25 elementor-inner-column elementor-element elementor-element-799a7c9\" data-id=\"799a7c9\" data-element_type=\"column\">\n\t\t\t<div class=\"elementor-widget-wrap elementor-element-populated\">\n\t\t\t\t\t\t<div class=\"elementor-element elementor-element-8fefb96 elementor-widget elementor-widget-image\" data-id=\"8fefb96\" data-element_type=\"widget\" data-widget_type=\"image.default\">\n\t\t\t\t<div class=\"elementor-widget-container\">\n\t\t\t\t\t\t\t\t\t\t\t\t\t<img loading=\"lazy\" decoding=\"async\" width=\"141\" height=\"70\" src=\"https:\/\/zitadelle24.com\/wp-content\/uploads\/Mask-group-2-1.png\" class=\"attachment-large size-large wp-image-9396\" alt=\"\" \/>\t\t\t\t\t\t\t\t\t\t\t\t\t<\/div>\n\t\t\t\t<\/div>\n\t\t\t\t\t<\/div>\n\t\t<\/div>\n\t\t\t\t<div class=\"elementor-column elementor-col-25 elementor-inner-column elementor-element elementor-element-869214e\" data-id=\"869214e\" data-element_type=\"column\">\n\t\t\t<div class=\"elementor-widget-wrap elementor-element-populated\">\n\t\t\t\t\t\t<div class=\"elementor-element elementor-element-dc9479a elementor-widget elementor-widget-image\" data-id=\"dc9479a\" data-element_type=\"widget\" data-widget_type=\"image.default\">\n\t\t\t\t<div class=\"elementor-widget-container\">\n\t\t\t\t\t\t\t\t\t\t\t\t\t<img loading=\"lazy\" decoding=\"async\" width=\"149\" height=\"48\" src=\"https:\/\/zitadelle24.com\/wp-content\/uploads\/Mask-group-1.png\" class=\"attachment-large size-large wp-image-9397\" alt=\"\" \/>\t\t\t\t\t\t\t\t\t\t\t\t\t<\/div>\n\t\t\t\t<\/div>\n\t\t\t\t\t<\/div>\n\t\t<\/div>\n\t\t\t\t\t<\/div>\n\t\t<\/section>\n\t\t\t\t\t<\/div>\n\t\t<\/div>\n\t\t\t\t\t<\/div>\n\t\t<\/section>\n\t\t\t\t<section class=\"elementor-section elementor-top-section elementor-element elementor-element-280f2ad elementor-section-boxed elementor-section-height-default elementor-section-height-default\" data-id=\"280f2ad\" data-element_type=\"section\" data-settings=\"{&quot;background_background&quot;:&quot;classic&quot;}\">\n\t\t\t\t\t\t<div class=\"elementor-container elementor-column-gap-default\">\n\t\t\t\t\t<div class=\"elementor-column elementor-col-50 elementor-top-column elementor-element elementor-element-a70334c elementor-invisible\" data-id=\"a70334c\" data-element_type=\"column\" data-settings=\"{&quot;animation&quot;:&quot;fadeInLeft&quot;}\">\n\t\t\t<div class=\"elementor-widget-wrap elementor-element-populated\">\n\t\t\t\t\t\t<div class=\"elementor-element elementor-element-b4bf4a7 elementor-widget elementor-widget-heading\" data-id=\"b4bf4a7\" data-element_type=\"widget\" data-widget_type=\"heading.default\">\n\t\t\t\t<div class=\"elementor-widget-container\">\n\t\t\t<h2 class=\"elementor-heading-title elementor-size-default\">WIE FUNKTIONIERT ES?\n<\/h2>\t\t<\/div>\n\t\t\t\t<\/div>\n\t\t\t\t<div class=\"elementor-element elementor-element-ed793ff elementor-widget elementor-widget-text-editor\" data-id=\"ed793ff\" data-element_type=\"widget\" data-widget_type=\"text-editor.default\">\n\t\t\t\t<div class=\"elementor-widget-container\">\n\t\t\t\t\t\t\t<p>Anleger kaufen und verkaufen Rohstoffe \u00fcber b\u00f6rsengehandelte oder au\u00dferb\u00f6rsliche Terminkontrakte. Dies bedeutet, dass die Preise oft Monate im Voraus festgelegt werden und dass die B\u00f6rsen die Menge sowie die Mindestqualit\u00e4t der gehandelten Waren standardisieren. Auf dem physischen Rohstoffmarkt findet hingegen ein echter Austausch von Waren statt. Ein Hersteller von Fr\u00fchst\u00fccksflocken k\u00f6nnte beispielsweise einen Mais-Terminkontrakt mit einem Lieferdatum in der Zukunft erwerben.<\/p><p>Der Kauf von Mais \u00fcber einen Terminkontrakt sch\u00fctzt den K\u00e4ufer, falls der zuk\u00fcnftige Marktpreis den vereinbarten Preis \u00fcbersteigt. Mit der Sicherheit, dass das Gesch\u00e4ft zustande kommt, k\u00f6nnen beide Parteien verl\u00e4sslich planen und ihr Budget entsprechend anpassen. Die Mehrheit der Rohstoffh\u00e4ndler nimmt die Waren jedoch nicht physisch in Besitz. Spekulanten oder Rohstoffh\u00e4ndler gehen stattdessen ein finanzielles Engagement (long oder short) in einer bestimmten Ware ein. Dies kann \u00fcber eine Online-Handelsplattform erfolgen.<\/p>\t\t\t\t\t\t<\/div>\n\t\t\t\t<\/div>\n\t\t\t\t\t<\/div>\n\t\t<\/div>\n\t\t\t\t<div class=\"elementor-column elementor-col-50 elementor-top-column elementor-element elementor-element-e0a6b17 elementor-invisible\" data-id=\"e0a6b17\" data-element_type=\"column\" data-settings=\"{&quot;animation&quot;:&quot;fadeInRight&quot;}\">\n\t\t\t<div class=\"elementor-widget-wrap elementor-element-populated\">\n\t\t\t\t\t\t<div class=\"elementor-element elementor-element-6ae6e8c elementor-widget elementor-widget-image\" data-id=\"6ae6e8c\" data-element_type=\"widget\" data-widget_type=\"image.default\">\n\t\t\t\t<div class=\"elementor-widget-container\">\n\t\t\t\t\t\t\t\t\t\t\t\t\t<img loading=\"lazy\" decoding=\"async\" width=\"573\" height=\"364\" src=\"https:\/\/zitadelle24.com\/wp-content\/uploads\/image-11.png\" class=\"attachment-large size-large wp-image-10655\" alt=\"\" \/>\t\t\t\t\t\t\t\t\t\t\t\t\t<\/div>\n\t\t\t\t<\/div>\n\t\t\t\t\t<\/div>\n\t\t<\/div>\n\t\t\t\t\t<\/div>\n\t\t<\/section>\n\t\t\t\t<\/div>\n\t\t","protected":false},"excerpt":{"rendered":"<p>Waren Investieren Sie in den weltgr\u00f6\u00dften Devisenmarkt mit mehr als 150 W\u00e4hrungspaaren, unterst\u00fctzt durch leistungsstarke Trading-Tools und 24 Stunden Live-Support. Handel beginnen WIE FUNKTIONIERT ES? Anleger kaufen und verkaufen Rohstoffe \u00fcber b\u00f6rsengehandelte oder au\u00dferb\u00f6rsliche Terminkontrakte. Dies bedeutet, dass die Preise oft Monate im Voraus festgelegt werden und dass die B\u00f6rsen die Menge sowie die Mindestqualit\u00e4t [&hellip;]<\/p>\n","protected":false},"author":1,"featured_media":0,"parent":0,"menu_order":0,"comment_status":"closed","ping_status":"closed","template":"elementor_canvas","meta":{"footnotes":""},"class_list":["post-10908","page","type-page","status-publish","hentry"],"_links":{"self":[{"href":"https:\/\/zitadelle24.com\/de\/wp-json\/wp\/v2\/pages\/10908","targetHints":{"allow":["GET"]}}],"collection":[{"href":"https:\/\/zitadelle24.com\/de\/wp-json\/wp\/v2\/pages"}],"about":[{"href":"https:\/\/zitadelle24.com\/de\/wp-json\/wp\/v2\/types\/page"}],"author":[{"embeddable":true,"href":"https:\/\/zitadelle24.com\/de\/wp-json\/wp\/v2\/users\/1"}],"replies":[{"embeddable":true,"href":"https:\/\/zitadelle24.com\/de\/wp-json\/wp\/v2\/comments?post=10908"}],"version-history":[{"count":12,"href":"https:\/\/zitadelle24.com\/de\/wp-json\/wp\/v2\/pages\/10908\/revisions"}],"predecessor-version":[{"id":11110,"href":"https:\/\/zitadelle24.com\/de\/wp-json\/wp\/v2\/pages\/10908\/revisions\/11110"}],"wp:attachment":[{"href":"https:\/\/zitadelle24.com\/de\/wp-json\/wp\/v2\/media?parent=10908"}],"curies":[{"name":"wp","href":"https:\/\/api.w.org\/{rel}","templated":true}]}}